{"id":9483,"date":"2014-03-18T10:03:13","date_gmt":"2014-03-18T07:03:13","guid":{"rendered":"http:\/\/the7.dream-demo.com\/business\/?page_id=7"},"modified":"2022-12-11T21:12:46","modified_gmt":"2022-12-11T18:12:46","slug":"hizmetlerimiz","status":"publish","type":"page","link":"https:\/\/floryagyd.com\/index.php\/hizmetlerimiz\/","title":{"rendered":"Hizmetlerimiz"},"content":{"rendered":"<div class=\"wpb-content-wrapper\"><p>[vc_row full_width=&#8221;stretch_row_content_no_spaces&#8221; bg_type=&#8221;image&#8221; parallax_style=&#8221;vcpb-default&#8221; bg_image_new=&#8221;id^453|url^https:\/\/floryagyd.com\/wp-content\/uploads\/2020\/02\/img001-29-1.jpg|caption^null|alt^null|title^img001-29|description^null&#8221; bg_override=&#8221;ex-full&#8221; enable_overlay=&#8221;enable_overlay_value&#8221; overlay_color=&#8221;rgba(0,0,0,0.5)&#8221; overlay_pattern=&#8221;transperant&#8221; overlay_pattern_opacity=&#8221;25&#8243; css=&#8221;.vc_custom_1670767940304{padding-top: 10% !important;padding-bottom: 10% !important;background-color: #000000 !important;}&#8221;][vc_column]<div id=\"ultimate-heading-61886a0451130ed38\" class=\"uvc-heading ult-adjust-bottom-margin ultimate-heading-61886a0451130ed38 uvc-9838 accent-title-color uvc-heading-default-font-sizes\" data-hspacer=\"no_spacer\"  data-halign=\"center\" style=\"text-align:center\"><div class=\"uvc-heading-spacer no_spacer\" style=\"top\"><\/div><div class=\"uvc-main-heading ult-responsive\"  data-ultimate-target='.uvc-heading.ultimate-heading-61886a0451130ed38 h2'  data-responsive-json-new='{\"font-size\":\"\",\"line-height\":\"\"}' ><h2 style=\"--font-weight:theme;\">Hizmetlerimiz<\/h2><\/div><div class=\"uvc-sub-heading ult-responsive\"  data-ultimate-target='.uvc-heading.ultimate-heading-61886a0451130ed38 .uvc-sub-heading '  data-responsive-json-new='{\"font-size\":\"\",\"line-height\":\"\"}'  style=\"font-weight:normal;\">Hizmetlerimiz<\/div><\/div><style type=\"text\/css\" data-type=\"the7_shortcodes-inline-css\">.dt-breadcrumbs-id-4e291550cd029a3f718227723e795aae .breadcrumbs {\n  display: inline-block;\n  margin: 0;\n  padding: 2px 12px 2px 12px;\n  border: 0px solid ;\n  border-radius: 0px;\n}\n.dt-breadcrumbs-id-4e291550cd029a3f718227723e795aae .breadcrumbs * {\n  font-size: 13px;\n  line-height: 16px;\n  color: #ffffff;\n}\n<\/style><div class=\"dt-breadcrumbs-shortcode dt-breadcrumbs-id-4e291550cd029a3f718227723e795aae align-centre\"><div class=\"assistive-text\">You are here:<\/div><ol class=\"breadcrumbs text-small\" itemscope itemtype=\"https:\/\/schema.org\/BreadcrumbList\"><li itemprop=\"itemListElement\" itemscope itemtype=\"https:\/\/schema.org\/ListItem\"><a itemprop=\"item\" href=\"https:\/\/floryagyd.com\/\" title=\"Home\"><span itemprop=\"name\">Home<\/span><\/a><meta itemprop=\"position\" content=\"1\" \/><\/li><li class=\"current\" itemprop=\"itemListElement\" itemscope itemtype=\"https:\/\/schema.org\/ListItem\"><span itemprop=\"name\">Sayfa<\/span><meta itemprop=\"position\" content=\"2\" \/><\/li><\/ol><\/div>[\/vc_column][\/vc_row][vc_row][vc_column]<div id=\"ultimate-heading-77266a0451130ef67\" class=\"uvc-heading ult-adjust-bottom-margin ultimate-heading-77266a0451130ef67 uvc-1062  uvc-heading-default-font-sizes\" data-hspacer=\"no_spacer\"  data-halign=\"center\" style=\"text-align:center\"><div class=\"uvc-heading-spacer no_spacer\" style=\"top\"><\/div><div class=\"uvc-main-heading ult-responsive\"  data-ultimate-target='.uvc-heading.ultimate-heading-77266a0451130ef67 h3'  data-responsive-json-new='{\"font-size\":\"\",\"line-height\":\"\"}' ><h3 style=\"--font-weight:theme;\">DANI\u015eMANLIK ve M\u00dc\u015eAV\u0130RL\u0130K Hizmetleri<\/h3><\/div><\/div>[vc_column_text]Bir projenin\/in\u015faat\u0131n sa\u011fl\u0131kl\u0131 bir \u015fekilde tamamlanmas\u0131nda \u00fc\u00e7 \u00f6nemli unsur bulunmaktad\u0131r; <strong>YATIRIMCI-M\u00dcTEAHH\u0130T-KONTROL TE\u015eK\u0130LATI<\/strong>. M\u00fc\u015favir bu \u00fc\u00e7l\u00fcn\u00fcn i\u00e7erisinde kontrol te\u015fkilat\u0131n\u0131 olu\u015fturur.<\/p>\n<p><strong>M\u00fc\u015favir<\/strong> kelimesi s\u00f6zl\u00fck kar\u015f\u0131l\u0131\u011f\u0131 olarak; dan\u0131\u015f\u0131lan, isti\u015fare edilen anlam\u0131n\u0131 ta\u015f\u0131maktad\u0131r.<br \/>\n\u201cUzman, herhangi bir i\u015f sahas\u0131na \u00f6zg\u00fc e\u011fitim alm\u0131\u015f, y\u00fcksek d\u00fczeyde bilgi birikimine ve beceriye sahip ki\u015fidir\u201c. Hepimiz biliyoruz ki, ald\u0131\u011f\u0131m\u0131z e\u011fitimle, edindi\u011fimiz bilgi ve becerilerimiz aras\u0131nda bir ba\u011flant\u0131 olabilir ya da olmayabilir. Buradan hareketle, M\u00fc\u015favir \u2019in ger\u00e7ekte bir uzman oldu\u011funu, ama bununla birlikte, -deneyimi e\u011fitim i\u00e7ersin ya da i\u00e7ermesin- bu deneyimlerden bilgi ve beceri geli\u015ftiren, etkin ve iyi bir \u00f6\u011frenici olmas\u0131n\u0131n \u015fart oldu\u011funu s\u00f6yleyebiliriz.[\/vc_column_text][\/vc_column][\/vc_row][vc_row][vc_column width=&#8221;1\/2&#8243;][vc_single_image image=&#8221;15557&#8243; img_size=&#8221;full&#8221;][\/vc_column][vc_column width=&#8221;1\/2&#8243;][vc_column_text]<\/p>\n<h3>Proje Dan\u0131\u015fmanl\u0131k Hizmetleri<\/h3>\n<p>Belirlenen s\u00fcrelerde saha denetimi yap\u0131lmas\u0131, i\u015f program\u0131n\u0131n denetlenmesi, imalat ve ekip kontrollerinin yap\u0131lmas\u0131 ve sonu\u00e7lar\u0131n i\u015fverene raporlanmas\u0131 .<\/p>\n<ul>\n<li>Proje Dan\u0131\u015fmanl\u0131\u011f\u0131<\/li>\n<li>Konsept Dan\u0131\u015fmanl\u0131\u011f\u0131<\/li>\n<li>Cephe ve Peyzaj Dan\u0131\u015fmanl\u0131\u011f\u0131<\/li>\n<li>Kontrol\u00f6rl\u00fck ve Raporlama<\/li>\n<\/ul>\n<p>[\/vc_column_text][\/vc_column][\/vc_row][vc_row][vc_column width=&#8221;1\/2&#8243;][vc_single_image image=&#8221;15558&#8243; img_size=&#8221;full&#8221;][\/vc_column][vc_column width=&#8221;1\/2&#8243;][vc_column_text]<\/p>\n<h3><strong>S\u00f6zle\u015fmelerin d\u00fczenlenmesi <\/strong><\/h3>\n<p>\u0130\u015fin konusuna g\u00f6re en uygun s\u00f6zle\u015fmenin haz\u0131rlanmas\u0131<\/p>\n<ul>\n<li>Kat kar\u015f\u0131l\u0131\u011f\u0131 in\u015faat s\u00f6zle\u015fmesi<\/li>\n<li>Ta\u015feron s\u00f6zle\u015fmeleri<\/li>\n<li>Uygulama i\u015fleri s\u00f6zle\u015fmeleri<\/li>\n<li>Sat\u0131n alma s\u00f6zle\u015fmeleri<\/li>\n<li>Hizmet s\u00f6zle\u015fmeleri<\/li>\n<li>\u015eartnameler<\/li>\n<\/ul>\n<p>[\/vc_column_text][\/vc_column][\/vc_row][vc_row][vc_column]<div class=\"ult-spacer spacer-6a0451130eff3\" data-id=\"6a0451130eff3\" data-height=\"10\" data-height-mobile=\"5\" data-height-tab=\"10\" data-height-tab-portrait=\"10\" data-height-mobile-landscape=\"5\" style=\"clear:both;display:block;\"><\/div>[vc_column_text]<strong><img loading=\"lazy\" decoding=\"async\" class=\"alignleft wp-image-15552 size-full\" src=\"https:\/\/floryagyd.com\/wp-content\/uploads\/2022\/12\/pazarlama.jpg\" alt=\"\" width=\"500\" height=\"280\" srcset=\"https:\/\/floryagyd.com\/wp-content\/uploads\/2022\/12\/pazarlama.jpg 500w, https:\/\/floryagyd.com\/wp-content\/uploads\/2022\/12\/pazarlama-300x168.jpg 300w\" sizes=\"auto, (max-width: 500px) 100vw, 500px\" \/><\/strong><\/p>\n<p>&nbsp;<\/p>\n<p><strong>\u00d6zetle<\/strong>: bilgi, beceri, e\u011fitim tek ba\u015f\u0131na yeterli de\u011fildir, bunlar\u0131n \u00fc\u00e7\u00fcn\u00fcn bir arada olmas\u0131 ve hizmet sunumunun etik de\u011ferlere uygun bi\u00e7imde sunulmas\u0131 M\u00fc\u015favirli\u011fin esas\u0131d\u0131r.<br \/>\n<strong>\u201cM\u00fc\u015favir, bir s\u00f6zle\u015fme \u00e7er\u00e7evesinde gereken \u00f6zen, verimlilik, beceri ve bilgi ile en do\u011fru mesleki uygulamalar uyar\u0131nca hizmetleri yerine getiren \u015firket ya da ki\u015fidir.\u2019<\/strong>\u2019<\/p>\n<p>Projelerin b\u00fcy\u00fckl\u00fc\u011f\u00fcne g\u00f6re baz\u0131 yat\u0131r\u0131mc\u0131lar kendi sorumluluklar\u0131ndaki s\u00fcre\u00e7leri y\u00f6netmek \u00fczere proje boyunca her t\u00fcrl\u00fc teknik konuyu dan\u0131\u015fabilece\u011fi dan\u0131\u015fman firmalara gereksinim duymaktad\u0131r.<\/p>\n<p><strong>FLORYA GYD<\/strong> bu konuda da hizmet sunmaktad\u0131r . <strong>FLORYA GYD<\/strong> bu kapsamda verdi\u011fi hizmetler ve a\u015fa\u011f\u0131daki \u00e7al\u0131\u015fmalar\u0131 yapmaktad\u0131r:[\/vc_column_text][vc_column_text]<\/p>\n<ul>\n<li>Kesin ve uygulama projelerinin g\u00f6zden ge\u00e7irilmesi,<\/li>\n<li>Yap\u0131m a\u015famas\u0131 tasar\u0131m de\u011fi\u015fikliklerinin de\u011ferlendirilmesi,<\/li>\n<li>Kalite y\u00f6netiminin denetlenmesi ve takibi,<\/li>\n<li>Uygunsuzluk durumlar\u0131n\u0131n y\u00f6netimi ve Y\u00fcklenici \u2018ye direktifler haz\u0131rlanmas\u0131,<\/li>\n<li>Uygulama i\u015f program\u0131n\u0131n kontrol\u00fc ve ilerlemelerin takibi,<\/li>\n<li>Finansal modelleme ve ihale teknik belgelerinin haz\u0131rlanmas\u0131,<\/li>\n<li>\u0130halelerin \u00f6n yeterlik, teknik soru-cevap, tekliflerin teknik k\u0131yas\u0131 ,s\u00fcre\u00e7lerinin y\u00f6netimi,<\/li>\n<li>\u0130n\u015faat sonu ve i\u015fletme hallerinde tesislerin kontrol ve g\u00f6zlemlerinin yap\u0131lmas\u0131<\/li>\n<\/ul>\n<p>Dan\u0131\u015fmanl\u0131k ( m\u00fc\u015favir ) yapan, bilgi ve deneyimini <strong>yat\u0131r\u0131mc\u0131n\u0131n yarar\u0131 i\u00e7in<\/strong> kullanan, dan\u0131\u015fmanl\u0131\u011f\u0131n\u0131 yapt\u0131\u011f\u0131 i\u015fin y\u00fcklenicileri ile hi\u00e7bir organik ba\u011f i\u00e7inde bulunmayan, yat\u0131r\u0131mc\u0131dan dan\u0131\u015fmanl\u0131k hizmeti kar\u015f\u0131l\u0131\u011f\u0131 d\u0131\u015f\u0131nda hi\u00e7bir kazan\u00e7 sa\u011flamayan ve dan\u0131\u015fmanl\u0131k hizmetlerini veren hizmet sunucular\u0131d\u0131r.[\/vc_column_text]<div class=\"ult-spacer spacer-6a0451130f019\" data-id=\"6a0451130f019\" data-height=\"10\" data-height-mobile=\"5\" data-height-tab=\"10\" data-height-tab-portrait=\"10\" data-height-mobile-landscape=\"5\" style=\"clear:both;display:block;\"><\/div>[vc_column_text]<\/p>\n<h3><img loading=\"lazy\" decoding=\"async\" class=\"alignleft wp-image-15559 size-full\" src=\"https:\/\/floryagyd.com\/wp-content\/uploads\/2022\/12\/pazar-arastirmasi-1.jpg\" alt=\"\" width=\"500\" height=\"282\" srcset=\"https:\/\/floryagyd.com\/wp-content\/uploads\/2022\/12\/pazar-arastirmasi-1.jpg 500w, https:\/\/floryagyd.com\/wp-content\/uploads\/2022\/12\/pazar-arastirmasi-1-300x169.jpg 300w\" sizes=\"auto, (max-width: 500px) 100vw, 500px\" \/>Projelendirme Yap\u0131m \u00d6ncesi<\/h3>\n<p><strong>Bir Projenin ger\u00e7ekle\u015fmesinde en \u00f6nemli safha planlamad\u0131r.<\/strong> Do\u011fru planlama Projenin ba\u015far\u0131s\u0131n\u0131 do\u011frudan etkiler. Yat\u0131r\u0131m\u0131n Hayata ge\u00e7irilmesi i\u00e7in gerekli finansal g\u00fcc\u00fcn miktar\u0131n\u0131n belirlenmesi ve Uygulama Projelerine baz olmas\u0131 i\u00e7in hedef maliyetin haz\u0131rlanmas\u0131, Projenin ger\u00e7ekle\u015fmesindeki en \u00f6nemli unsurlardand\u0131r.<\/p>\n<p>Yat\u0131r\u0131m\u0131n hayata ge\u00e7mesi ya da ge\u00e7memesi karar\u0131ndaki en \u00f6nemli kaynak Fizibilite Raporudur. Fizibilite Raporu \u00f6zetle, Alternatif Ke\u015fif, Master \u0130\u015f Program\u0131, Piyasa Ara\u015ft\u0131rmas\u0131, Kredi Maliyetleri &#8211; Gelirleri, \u0130\u015fletme Giderleri ve Gelirlerin de\u011ferlendirildi\u011fi uzun s\u00fcre\u00e7li bir Nakit Ak\u0131\u015f Tablosudur. T\u00fcm maliyet ve gelir unsurlar\u0131 elde bulunan t\u00fcm donelere bak\u0131larak detayl\u0131 bir \u015fekilde hesaplan\u0131r ve yap\u0131lan planlamaya paralel olarak Nakit Ak\u0131\u015f Tablosunda \u00f6zetlenir.<\/p>\n<p>Haz\u0131rlanan uygulama projeleri yap\u0131n\u0131n yakla\u015f\u0131k b\u00fct\u00e7esini olu\u015fturaca\u011f\u0131ndan finansal de\u011ferlendirme \u00e7ok \u00f6nemlidir. Bu sebeple malzeme se\u00e7imlerinin yap\u0131lmas\u0131nda, planlama a\u015famas\u0131nda olu\u015fturulan b\u00fct\u00e7e ile devaml\u0131 kontrol edilerek mimarl\u0131k-m\u00fchendislik proje hizmetleri tamamlan\u0131r.<\/p>\n<p>Uygulama Projeleri ortaya \u00e7\u0131kt\u0131ktan hemen sonra Projenin t\u00fcm metrajlar\u0131 detayl\u0131 olarak yap\u0131lmal\u0131 ve bu metrajlarla birlikte Ke\u015fif ortaya \u00e7\u0131kart\u0131larak \u0130hale s\u00fcreci ba\u015flat\u0131lmal\u0131d\u0131r. \u0130hale \u00f6ncesi Proje, Mahal Listeleri haz\u0131rlanmas\u0131 takibine paralel t\u00fcm Teknik \u015eartnameler haz\u0131rlan\u0131r. Teknik \u015eartnameler i\u015fin muhteviyat\u0131na ba\u011fl\u0131 olarak i\u015fe \u00f6zel olarak haz\u0131rlanmaktad\u0131r. \u0130hale \u015eartnamesi, S\u00f6zle\u015fme Tasla\u011f\u0131, \u00d6zel \u0130dari \u015eartname vb S\u00f6zle\u015fme eki dok\u00fcmanlar ihale \u00f6ncesi haz\u0131rlan\u0131r ve t\u00fcm \u0130hale s\u00fcreci \u0130\u015fverenle birlikte y\u00fcr\u00fct\u00fcl\u00fcr.<\/p>\n<p>\u0130hale Dok\u00fcmantasyonlar\u0131n\u0131n haz\u0131rlanmas\u0131 ve \u0130\u015fveren taraf\u0131ndan onaylanmas\u0131 ihale s\u00fcreci ba\u015flar. \u0130\u015fveren taraf\u0131ndan se\u00e7ilen Firmalar ihaleye davet edilir. Davete olumlu cevap veren Firmalara \u0130hale Dok\u00fcmantasyonu imza kar\u015f\u0131l\u0131\u011f\u0131 teslim edilir. \u0130stekli Firmalardan sorular\u0131 olanlar sorular\u0131n\u0131 \u0130\u015fveren&#8217; e yaz\u0131l\u0131 olarak iletir ve bu sorulara cevaplar \u0130\u015fveren&#8217; in onay\u0131yla taraf\u0131m\u0131zca t\u00fcm Firmalara ayn\u0131 anda iletilir. \u0130stekli Firmalar Fiyat Tekliflerini \u0130\u015fveren&#8217; e ayn\u0131 g\u00fcn ve saatte teslim ederler ve Teklifler \u0130\u015fveren \u0130hale Komisyonunca a\u00e7\u0131larak zab\u0131t alt\u0131na al\u0131n\u0131r ve Fiyat Teklifi Dosyalar\u0131 taraf\u0131m\u0131zca detayl\u0131 olarak idari, teknik ve fiyat olarak incelenir.<br \/>\nAl\u0131nan teklifler k\u0131yaslamal\u0131 olarak tablolar\u0131n deste\u011fiyle raporlan\u0131r ve Rapor \u0130\u015fveren&#8217; e sunulur. Bu rapor sonras\u0131 \u0130stekli Firmalardan gerekli g\u00f6r\u00fclenler ayr\u0131 ayr\u0131 toplant\u0131ya \u00e7a\u011fr\u0131l\u0131r ve i\u015fe ait sorular \u0130\u015fveren&#8217; in de bulundu\u011fu toplant\u0131da \u0130stekli Firmalara iletilir. Sorular, idari, teknik ve fiyat konular\u0131n\u0131 i\u00e7erir. \u0130stekli Firmalardan toplant\u0131da yap\u0131lan g\u00f6r\u00fc\u015fmelere g\u00f6re revize fiyat tekliflerini iletmeleri istenir. Bu toplant\u0131larda Firmalar daha iyi tan\u0131n\u0131r ve i\u015fe yakla\u015f\u0131mlar\u0131 ile i\u015fi kavrama durumlar\u0131 de\u011ferlendirilir. Bu g\u00f6r\u00fc\u015fme ve revize fiyat teklifi s\u00fcreci \u0130\u015fveren tercihine ba\u011fl\u0131 olarak bir, iki yada daha fazla tur olabilir.<br \/>\n\u0130hale sonucunu belirlemedeki k\u0131staslar Yat\u0131r\u0131mc\u0131 ile birlikte de\u011ferlendirilerek teknik destek sa\u011flan\u0131r. \u0130hale a\u015famas\u0131nda M\u00fc\u015favir, sadece isti\u015fari (\u00f6\u011f\u00fct veren) \u00e7er\u00e7evede \u00e7al\u0131\u015f\u0131r ve genellikle herhangi bir \u00e7\u00f6z\u00fcm i\u00e7in se\u00e7im yapanla ayn\u0131 sorumlulu\u011fu ta\u015f\u0131maz. Sorun ya da konu hakk\u0131nda nihai karar verme yetki ve sorumlulu\u011fu \u0130\u015fveren ya da \u0130\u015fverenlere aittir.[\/vc_column_text]<div class=\"ult-spacer spacer-6a0451130f038\" data-id=\"6a0451130f038\" data-height=\"10\" data-height-mobile=\"5\" data-height-tab=\"10\" data-height-tab-portrait=\"10\" data-height-mobile-landscape=\"5\" style=\"clear:both;display:block;\"><\/div>[vc_column_text]<\/p>\n<h3><img loading=\"lazy\" decoding=\"async\" class=\"alignleft wp-image-15572 size-full\" src=\"https:\/\/floryagyd.com\/wp-content\/uploads\/2022\/12\/konsept.jpg\" alt=\"\" width=\"500\" height=\"334\" srcset=\"https:\/\/floryagyd.com\/wp-content\/uploads\/2022\/12\/konsept.jpg 500w, https:\/\/floryagyd.com\/wp-content\/uploads\/2022\/12\/konsept-300x200.jpg 300w\" sizes=\"auto, (max-width: 500px) 100vw, 500px\" \/>Projelendirme Yap\u0131m Sonras\u0131<\/h3>\n<p><strong>\u0130n\u015faat y\u00f6netim;<\/strong><\/p>\n<ul>\n<li>Kontrol Amiri, Teknik Ofis \u015eefi, Saha Kontrol \u015eefinden olu\u015fan bir \u015eantiye Kontrol Te\u015fkilat\u0131n\u0131n Uzman M\u00fchendislerle (\u0130nce \u0130\u015fler Mimar\u0131, Makine M\u00fchendisi, Elektrik M\u00fchendisi) Part-Time desteklenmesi<\/li>\n<li>Proje Koordinat\u00f6r\u00fc destekli \u015eantiyede full-time mesai yapacak Kontrol M\u00fchendisi veya \u0130n\u015faat Teknikerinin \u015fantiyede bulundurulmas\u0131<\/li>\n<li>Haftada gerekti\u011fi kadar g\u00fcn \u015fantiyenin Proje Koordinat\u00f6r\u00fc ekibince ziyareti,<br \/>\n\u0130le sa\u011flanacakt\u0131r.<\/li>\n<\/ul>\n<p><strong>Proje Y\u00f6netimi;<\/strong><\/p>\n<ul>\n<li>\u0130\u015f program\u0131n\u0131n haz\u0131rlanmas\u0131 ve M\u00fcteahhitlerin \u0130\u015f Programlar\u0131n\u0131n s\u00fcperpoze edilerek kar\u015f\u0131la\u015ft\u0131r\u0131lmas\u0131 ve gerekli uyumun sa\u011flanmas\u0131. \u0130\u015f Program\u0131n\u0131n g\u00fcncellenmesi, revizyonu, M\u00fcteahhitlerce \u0130\u015f Program\u0131n\u0131n g\u00fcncellenmesinin sa\u011flanmas\u0131. \u0130\u015f Program\u0131n\u0131n takibi i\u00e7in Haftal\u0131k Toplant\u0131lar tertip edilmesi. Ekip, Ekipman Program\u0131n\u0131n yap\u0131lmas\u0131, takibi.<\/li>\n<li>M\u00fcteahhitlerin \u0130n\u015faat Metodunun haz\u0131rlamas\u0131 sonras\u0131 \u0130n\u015faat Metodunun kontrol ve onaylanmas\u0131. Yap\u0131lan imalatlar\u0131n \u0130n\u015faat Metoduna uygun yap\u0131lmas\u0131n\u0131n kontrol\u00fcn\u00fcn yap\u0131lmas\u0131.<\/li>\n<li>Yap\u0131lan imalatlar\u0131n Uygulama Projelerine uygunlu\u011funun denetlenmesi.<\/li>\n<li>\u0130malat s\u0131ras\u0131nda ortaya \u00e7\u0131kabilecek proje uyumsuzluklar\u0131na m\u00fcdahale edilmesi, gerekti\u011finde acil \u00f6nlemlerin al\u0131nmas\u0131.<\/li>\n<li>Uygulamada kullan\u0131lacak malzemelerin \u015fartnamelere uygunlu\u011funun denetlenmesi.<\/li>\n<li>Malzeme se\u00e7imi i\u00e7in gerekli organizasyonun yap\u0131lmas\u0131 ve \u0130\u015fveren&#8217; e rehberlik yap\u0131lmas\u0131<\/li>\n<li>\u0130malatlar\u0131n Mimari, Yap\u0131sal, Elektrik, Mekanik ve Altyap\u0131 disiplinlerinde M\u00fcteahhit yada M\u00fcteahhitler taraf\u0131ndan y\u00fcr\u00fct\u00fclen yap\u0131m faaliyetlerinin takibi, bunlar\u0131n ilgili Mukavele ve eki , tasar\u0131m, \u015fartname ve y\u00f6netmeliklere uygunlu\u011funun kontrol\u00fc, hatalar\u0131n d\u00fczelttirilmesi.<\/li>\n<li>Her imalat\u0131n, M\u00fcteahhit&#8217; in, Ta\u015feronun \u0130malat Seviyelerinin detayl\u0131 olarak takip edilmesi<\/li>\n<li>Puantaj, imalat bilgileri vb. bilgilerin bulundu\u011fu G\u00fcnl\u00fck Raporlar\u0131n M\u00fcteahhit taraf\u0131ndan haz\u0131rlanmas\u0131n\u0131n sa\u011flanmas\u0131. G\u00fcnl\u00fck ve veya haftal\u0131k Raporun haz\u0131rlanarak \u0130\u015fveren&#8217; e sunulmas\u0131.<\/li>\n<li>Daha \u00e7ok \u0130\u015f Program\u0131 Bilgilerini ihtiva eden Haftal\u0131k Raporun haz\u0131rlanmas\u0131 ve \u0130\u015fveren\u2019 e sunulmas\u0131 . Ayl\u0131k \u0130\u015f \u0130lerleme, Nakit Ak\u0131\u015f, Makine &#8211; Ekipman &#8211; Personel Bilgilerinin \u0130\u015f Program\u0131 ile kar\u015f\u0131la\u015ft\u0131rmal\u0131 olarak g\u00f6sterilmesi ile birlikte Ayl\u0131k Raporun \u0130malat Resimleri ile birlikte haz\u0131rlanmas\u0131.<\/li>\n<li>S\u00f6zle\u015fme ve yaz\u0131\u015fmalara g\u00f6re her ay M\u00fcteahhitlerin Hakedi\u015flerinin haz\u0131rlat\u0131lmas\u0131, kontrol\u00fc ve onay\u0131. Hakedi\u015flerin \u0130\u015fveren&#8217; e izah\u0131 ve sunulmas\u0131.<\/li>\n<li>\u0130\u015fin selametle y\u00fcr\u00fct\u00fclmesi ad\u0131na hukuki yaz\u0131lar\u0131n zaman\u0131nda yaz\u0131lmas\u0131 ve \u0130\u015fveren&#8217; in bu konuda gerekli yerlerde uyar\u0131lmas\u0131 .<\/li>\n<\/ul>\n<p>[\/vc_column_text][\/vc_column][\/vc_row][vc_row][vc_column][\/vc_column][\/vc_row]<\/p>\n<\/div>","protected":false},"excerpt":{"rendered":"<p>[vc_row full_width=&#8221;stretch_row_content_no_spaces&#8221; bg_type=&#8221;image&#8221; parallax_style=&#8221;vcpb-default&#8221; bg_image_new=&#8221;id^453|url^https:\/\/floryagyd.com\/wp-content\/uploads\/2020\/02\/img001-29-1.jpg|caption^null|alt^null|title^img001-29|description^null&#8221; bg_override=&#8221;ex-full&#8221; enable_overlay=&#8221;enable_overlay_value&#8221; overlay_color=&#8221;rgba(0,0,0,0.5)&#8221; overlay_pattern=&#8221;transperant&#8221; overlay_pattern_opacity=&#8221;25&#8243; css=&#8221;.vc_custom_1670767940304{padding-top: 10% !important;padding-bottom: 10% !important;background-color: #000000 !important;}&#8221;][vc_column][\/vc_column][\/vc_row][vc_row][vc_column][vc_column_text]Bir projenin\/in\u015faat\u0131n sa\u011fl\u0131kl\u0131 bir \u015fekilde tamamlanmas\u0131nda \u00fc\u00e7 \u00f6nemli unsur bulunmaktad\u0131r; YATIRIMCI-M\u00dcTEAHH\u0130T-KONTROL TE\u015eK\u0130LATI. M\u00fc\u015favir bu \u00fc\u00e7l\u00fcn\u00fcn i\u00e7erisinde kontrol te\u015fkilat\u0131n\u0131 olu\u015fturur. M\u00fc\u015favir kelimesi s\u00f6zl\u00fck kar\u015f\u0131l\u0131\u011f\u0131 olarak; dan\u0131\u015f\u0131lan, isti\u015fare edilen anlam\u0131n\u0131 ta\u015f\u0131maktad\u0131r. \u201cUzman, herhangi bir i\u015f sahas\u0131na \u00f6zg\u00fc e\u011fitim alm\u0131\u015f, y\u00fcksek d\u00fczeyde&hellip;<\/p>\n","protected":false},"author":1,"featured_media":0,"parent":0,"menu_order":200,"comment_status":"closed","ping_status":"closed","template":"","meta":{"_themeisle_gutenberg_block_has_review":false,"footnotes":""},"class_list":["post-9483","page","type-page","status-publish","hentry","description-off"],"_links":{"self":[{"href":"https:\/\/floryagyd.com\/index.php\/wp-json\/wp\/v2\/pages\/9483","targetHints":{"allow":["GET"]}}],"collection":[{"href":"https:\/\/floryagyd.com\/index.php\/wp-json\/wp\/v2\/pages"}],"about":[{"href":"https:\/\/floryagyd.com\/index.php\/wp-json\/wp\/v2\/types\/page"}],"author":[{"embeddable":true,"href":"https:\/\/floryagyd.com\/index.php\/wp-json\/wp\/v2\/users\/1"}],"replies":[{"embeddable":true,"href":"https:\/\/floryagyd.com\/index.php\/wp-json\/wp\/v2\/comments?post=9483"}],"version-history":[{"count":37,"href":"https:\/\/floryagyd.com\/index.php\/wp-json\/wp\/v2\/pages\/9483\/revisions"}],"predecessor-version":[{"id":15754,"href":"https:\/\/floryagyd.com\/index.php\/wp-json\/wp\/v2\/pages\/9483\/revisions\/15754"}],"wp:attachment":[{"href":"https:\/\/floryagyd.com\/index.php\/wp-json\/wp\/v2\/media?parent=9483"}],"curies":[{"name":"wp","href":"https:\/\/api.w.org\/{rel}","templated":true}]}}