{"id":835,"date":"2014-03-18T10:02:39","date_gmt":"2014-03-18T07:02:39","guid":{"rendered":"http:\/\/the7.dream-demo.com\/business\/?page_id=5"},"modified":"2022-12-11T21:15:10","modified_gmt":"2022-12-11T18:15:10","slug":"hakkimizda","status":"publish","type":"page","link":"https:\/\/floryagyd.com\/index.php\/hakkimizda\/","title":{"rendered":"Hakk\u0131m\u0131zda"},"content":{"rendered":"<div class=\"wpb-content-wrapper\"><p>[vc_row bg_type=&#8221;image&#8221; parallax_style=&#8221;vcpb-default&#8221; bg_image_new=&#8221;id^15169|url^https:\/\/floryagyd.com\/wp-content\/uploads\/revslider\/the7-business-slider\/bm004.jpg|caption^null|alt^null|title^bm004.jpg|description^null&#8221; bg_image_repeat=&#8221;no-repeat&#8221; bg_override=&#8221;ex-full&#8221; enable_overlay=&#8221;enable_overlay_value&#8221; overlay_color=&#8221;rgba(0,0,0,0.5)&#8221; overlay_pattern=&#8221;transperant&#8221; overlay_pattern_opacity=&#8221;25&#8243; type=&#8221;vc_default&#8221; margin_top=&#8221;-50&#8243; css=&#8221;.vc_custom_1669813422098{padding-top: 10% !important;padding-bottom: 10% !important;background-color: #000000 !important;}&#8221;][vc_column offset=&#8221;vc_col-lg-12 vc_col-md-12&#8243; css=&#8221;.vc_custom_1476030031960{padding-bottom: 10px !important;}&#8221;]<div id=\"ultimate-heading-21856a04522095431\" class=\"uvc-heading ult-adjust-bottom-margin ultimate-heading-21856a04522095431 uvc-8614 accent-title-color\" data-hspacer=\"no_spacer\"  data-halign=\"center\" style=\"text-align:center\"><div class=\"uvc-heading-spacer no_spacer\" style=\"top\"><\/div><div class=\"uvc-main-heading ult-responsive\"  data-ultimate-target='.uvc-heading.ultimate-heading-21856a04522095431 h2'  data-responsive-json-new='{\"font-size\":\"desktop:34px;mobile_landscape:22px;mobile:22px;\",\"line-height\":\"desktop:46px;mobile_landscape:32px;mobile:32px;\"}' ><h2 style=\"font-family:&#039;Fira Sans&#039;;font-weight:normal;font-style:normal;color:#ffffff;\">Hakk\u0131m\u0131zda<\/h2><\/div><div class=\"uvc-sub-heading ult-responsive\"  data-ultimate-target='.uvc-heading.ultimate-heading-21856a04522095431 .uvc-sub-heading '  data-responsive-json-new='{\"font-size\":\"desktop:58px;mobile_landscape:38px;mobile:30px;\",\"line-height\":\"desktop:68px;mobile_landscape:48px;mobile:40px;\"}'  style=\"font-family:&#039;Fira Sans Condensed&#039;;font-weight:700;color:#ffffff;margin-top:10px;margin-bottom:20px;\">Hakk\u0131m\u0131zda<\/div><\/div><style type=\"text\/css\" data-type=\"the7_shortcodes-inline-css\">.dt-breadcrumbs-id-00e7ad14fe45716ac790718ece057902 .breadcrumbs {\n  display: inline-block;\n  margin: 0;\n  padding: 2px 12px 2px 12px;\n  border: 1px solid rgba(255,255,255,0.25);\n  border-radius: 0px;\n}\n.dt-breadcrumbs-id-00e7ad14fe45716ac790718ece057902 .breadcrumbs * {\n  font-size: 13px;\n  line-height: 16px;\n  color: #ffffff;\n}\n<\/style><div class=\"dt-breadcrumbs-shortcode dt-breadcrumbs-id-00e7ad14fe45716ac790718ece057902 align-centre\"><div class=\"assistive-text\">You are here:<\/div><ol class=\"breadcrumbs text-small\" itemscope itemtype=\"https:\/\/schema.org\/BreadcrumbList\"><li itemprop=\"itemListElement\" itemscope itemtype=\"https:\/\/schema.org\/ListItem\"><a itemprop=\"item\" href=\"https:\/\/floryagyd.com\/\" title=\"Home\"><span itemprop=\"name\">Home<\/span><\/a><meta itemprop=\"position\" content=\"1\" \/><\/li><li class=\"current\" itemprop=\"itemListElement\" itemscope itemtype=\"https:\/\/schema.org\/ListItem\"><span itemprop=\"name\">Sayfa<\/span><meta itemprop=\"position\" content=\"2\" \/><\/li><\/ol><\/div>[\/vc_column][\/vc_row][vc_row equal_height=&#8221;yes&#8221; type=&#8221;vc_default&#8221; margin_bottom=&#8221;10&#8243; css=&#8221;.vc_custom_1670782508162{padding-top: 20px !important;padding-bottom: 20px !important;}&#8221;][vc_column css=&#8221;.vc_custom_1490185853027{padding-bottom: 50px !important;}&#8221; offset=&#8221;vc_col-lg-4 vc_col-md-12&#8243;]<div id=\"ultimate-heading-58996a045220956e2\" class=\"uvc-heading ult-adjust-bottom-margin ultimate-heading-58996a045220956e2 uvc-7581 \" data-hspacer=\"no_spacer\"  data-halign=\"left\" style=\"text-align:left\"><div class=\"uvc-heading-spacer no_spacer\" style=\"top\"><\/div><div class=\"uvc-main-heading ult-responsive\"  data-ultimate-target='.uvc-heading.ultimate-heading-58996a045220956e2 h2'  data-responsive-json-new='{\"font-size\":\"desktop:20px;\",\"line-height\":\"desktop:30px;\"}' ><h2 style=\"font-weight:bold;margin-bottom:20px;\">Hakk\u0131m\u0131zda<\/h2><\/div><\/div>[vc_column_text]Florya Dan\u0131\u015fmanl\u0131k, 1992 y\u0131l\u0131ndan bug\u00fcne ba\u015fta Mu\u011fla ve G\u00fcney Ege b\u00f6lgesi olmak \u00fczere \u0130stanbul, Ankara, \u0130zmir, Bursa, Antalya, Tekirda\u011f gibi \u00e7e\u015fitli \u015fehirlerde ve g\u00fczide b\u00f6lgelerde Gayrimenkul Yat\u0131r\u0131m Dan\u0131\u015fmanl\u0131k, Ara\u015ft\u0131rma, Proje geli\u015ftirme ve Pazarlama faaliyetleri g\u00f6stermektedir.<\/p>\n<p>Zaman i\u00e7inde, Ege b\u00f6lgenin sit alanlar\u0131 bak\u0131m\u0131ndan \u00e7e\u015fitlili\u011fi, orman ve tar\u0131m arazilerinin geni\u015fli\u011fi, imarl\u0131 alanlar\u0131n s\u0131n\u0131rl\u0131 olu\u015fu gibi sebeplerden dolay\u0131, k\u0131ymetli \u015fehir planlama b\u00fcrolar\u0131 ve bir\u00e7ok harita m\u00fchendisli\u011fi ofisi ile beraber, imarl\u0131 alan \u00fcretebilmek i\u00e7in mevzuat dahilinde bir\u00e7ok \u00e7al\u0131\u015fma yapt\u0131k.<br \/>\nGayrimenkul al\u0131m-sat\u0131m\u0131, imar ve kadastro mevzuat\u0131yla ilgili konularda \u00f6zellikle b\u00fcy\u00fck \u015fehirlerden b\u00f6lgemize gelen bir\u00e7ok vatanda\u015f\u0131m\u0131za bilgimiz dahilinde rehberlik ederek, b\u00f6lgedeki gayrimenkul eksperlerinin de g\u00fcvenle dan\u0131\u015fabilecekleri bir b\u00fcro haline geldik.<\/p>\n<p>Ayn\u0131 zamanda, 2021 y\u0131l\u0131 itibariyle, \u00e7al\u0131\u015ft\u0131\u011f\u0131m\u0131z in\u015faat ve m\u00fcteahhitlik firmalar\u0131yla geli\u015ftirdi\u011fimiz \u00e7e\u015fitli projeleri, portf\u00f6y\u00fcm\u00fcz dahilindeki\u00a0 yurt d\u0131\u015f\u0131nda bulunan yerli ve yabanc\u0131 yat\u0131r\u0131mc\u0131lar ile bulu\u015fturmaktay\u0131z.[\/vc_column_text][\/vc_column][vc_column width=&#8221;1\/2&#8243; css=&#8221;.vc_custom_1490185864029{padding-bottom: 40px !important;}&#8221; offset=&#8221;vc_col-lg-4 vc_col-xs-12&#8243;]<div id=\"ultimate-heading-43886a04522095764\" class=\"uvc-heading ult-adjust-bottom-margin ultimate-heading-43886a04522095764 uvc-1012 \" data-hspacer=\"no_spacer\"  data-halign=\"left\" style=\"text-align:left\"><div class=\"uvc-heading-spacer no_spacer\" style=\"top\"><\/div><div class=\"uvc-main-heading ult-responsive\"  data-ultimate-target='.uvc-heading.ultimate-heading-43886a04522095764 h2'  data-responsive-json-new='{\"font-size\":\"desktop:20px;\",\"line-height\":\"desktop:30px;\"}' ><h2 style=\"font-weight:bold;margin-bottom:20px;\">Neden biz ?<\/h2><\/div><\/div>[vc_column_text css=&#8221;.vc_custom_1670318657925{padding-bottom: 15px !important;}&#8221;]Kaliteli \u00c7\u00f6z\u00fcm Ortakl\u0131klar\u0131, Yurti\u00e7i ve Yurtd\u0131\u015f\u0131 geni\u015f m\u00fc\u015fteri portf\u00f6y\u00fc ile g\u00fcvenilen 20 y\u0131\u0131l\u0131 a\u015fk\u0131n bir s\u00fcredir, Gayrimenkul Dan\u0131\u015fmanl\u0131\u011f\u0131 yapmaktay\u0131z.[\/vc_column_text]<div class=\"standard-arrow bullet-top\"><ul>\n<li>20 y\u0131l\u0131 a\u015fk\u0131n piyasa TECR\u00dcBES\u0130<\/li>\n<li>20 y\u0131l\u0131 a\u015fk\u0131n piyasa G\u00dcVEN\u0130L\u0130RL\u0130\u011e\u0130<\/li>\n<li>KAL\u0130TEL\u0130 \u00c7\u00f6z\u00fcm Ortakl\u0131klar\u0131<\/li>\n<li>Geni\u015f M\u00dc\u015eTER\u0130 PORTF\u00d6Y\u00dc<\/li>\n<li>Yurt i\u00e7i ve Yurtd\u0131\u015f\u0131 B\u0130L\u0130N\u0130L\u0130RL\u0130K<\/li>\n<li>UZMAN KADRO<\/li>\n<\/ul>\n<\/div>[\/vc_column][vc_column width=&#8221;1\/2&#8243; css=&#8221;.vc_custom_1490185880333{padding-bottom: 40px !important;}&#8221; offset=&#8221;vc_col-lg-4 vc_col-md-6 vc_col-xs-12&#8243;]<div id=\"ultimate-heading-80866a045220958ad\" class=\"uvc-heading ult-adjust-bottom-margin ultimate-heading-80866a045220958ad uvc-8273 \" data-hspacer=\"no_spacer\"  data-halign=\"left\" style=\"text-align:left\"><div class=\"uvc-heading-spacer no_spacer\" style=\"top\"><\/div><div class=\"uvc-main-heading ult-responsive\"  data-ultimate-target='.uvc-heading.ultimate-heading-80866a045220958ad h2'  data-responsive-json-new='{\"font-size\":\"desktop:20px;\",\"line-height\":\"desktop:30px;\"}' ><h2 style=\"font-weight:bold;margin-bottom:20px;\">Tecr\u00fcbelerimiz<\/h2><\/div><\/div>[vc_progress_bar values=&#8221;%5B%7B%22label%22%3A%22Gayrimenkul%20Dan%C4%B1%C5%9Fmanl%C4%B1%C4%9F%C4%B1%20-%2020%20y%C4%B1l%22%2C%22value%22%3A%2280%22%7D%2C%7B%22label%22%3A%22Arsa%20%26%20Proje%20De%C4%9Ferleme%20-%2016%20y%C4%B1l%22%2C%22value%22%3A%2275%22%7D%2C%7B%22label%22%3A%22Proje%20Geli%C5%9Ftirme%20-%2012%20y%C4%B1l%22%2C%22value%22%3A%2260%22%7D%2C%7B%22label%22%3A%22Proje%20Denetmenli%C4%9Fi%20-%2023%20y%C4%B1l%22%2C%22value%22%3A%2285%22%7D%2C%7B%22label%22%3A%22Finansal%20%C3%87%C3%B6z%C3%BCmler%20-%2010%20y%C4%B1l%22%2C%22value%22%3A%2255%22%7D%5D&#8221; options=&#8221;striped,animated&#8221; caption_pos=&#8221;thin_top&#8221; bgstyle=&#8221;transparent&#8221;][\/vc_column][\/vc_row][vc_row][vc_column css=&#8221;.vc_custom_1490190539907{padding-top: 70px !important;padding-bottom: 70px !important;}&#8221;]<div id=\"ultimate-heading-67726a04522095928\" class=\"uvc-heading ult-adjust-bottom-margin ultimate-heading-67726a04522095928 uvc-9313 \" data-hspacer=\"no_spacer\"  data-halign=\"left\" style=\"text-align:left\"><div class=\"uvc-heading-spacer no_spacer\" style=\"top\"><\/div><div class=\"uvc-main-heading ult-responsive\"  data-ultimate-target='.uvc-heading.ultimate-heading-67726a04522095928 h2'  data-responsive-json-new='{\"font-size\":\"desktop:20px;\",\"line-height\":\"desktop:30px;\"}' ><h2 style=\"font-weight:bold;margin-bottom:20px;\">Ekibimiz<\/h2><\/div><\/div><style type=\"text\/css\" data-type=\"the7_shortcodes-inline-css\">.dt-team-shortcode.team-masonry-shortcode-id-55e8235488df6faeda0ce13b404e23e7 .team-desc {\n  padding: 30px 30px 30px 30px;\n}\n.dt-team-shortcode.team-masonry-shortcode-id-55e8235488df6faeda0ce13b404e23e7 .team-author-name,\n.dt-team-shortcode.team-masonry-shortcode-id-55e8235488df6faeda0ce13b404e23e7 .team-author-name a {\n  margin-bottom: 0px;\n  font-weight: bold;\n}\n.dt-team-shortcode.team-masonry-shortcode-id-55e8235488df6faeda0ce13b404e23e7 .team-author p {\n  margin-bottom: 5px;\n  font-weight: bold;\n}\n.dt-team-shortcode.team-masonry-shortcode-id-55e8235488df6faeda0ce13b404e23e7  .team-media {\n  padding: 30px 30px 0px 30px;\n}\n.dt-team-shortcode.team-masonry-shortcode-id-55e8235488df6faeda0ce13b404e23e7  .team-media a,\n.dt-team-shortcode.team-masonry-shortcode-id-55e8235488df6faeda0ce13b404e23e7  .team-media > span,\n.dt-team-shortcode.team-masonry-shortcode-id-55e8235488df6faeda0ce13b404e23e7  .team-media img {\n  max-width: 200px;\n}\n.dt-team-shortcode.team-masonry-shortcode-id-55e8235488df6faeda0ce13b404e23e7 .dt-css-grid .team-media img {\n  width: 200px;\n  max-width: 100%;\n}\n.dt-team-shortcode.team-masonry-shortcode-id-55e8235488df6faeda0ce13b404e23e7 .team-content {\n  margin-bottom: 5px;\n  font-size: 14px;\n  line-height: 26px;\n}\n.dt-team-shortcode.team-masonry-shortcode-id-55e8235488df6faeda0ce13b404e23e7  .team-media,\n.dt-team-shortcode.team-masonry-shortcode-id-55e8235488df6faeda0ce13b404e23e7  .team-media a.rollover,\n.dt-team-shortcode.team-masonry-shortcode-id-55e8235488df6faeda0ce13b404e23e7  .team-media a.rollover *,\n.dt-team-shortcode.team-masonry-shortcode-id-55e8235488df6faeda0ce13b404e23e7  .team-media img {\n  border-radius: 250px;\n}\n.dt-team-shortcode.team-masonry-shortcode-id-55e8235488df6faeda0ce13b404e23e7 .soc-ico {\n  margin-bottom: 15px;\n}\n.dt-team-shortcode.team-masonry-shortcode-id-55e8235488df6faeda0ce13b404e23e7 .soc-ico a {\n  min-width: 26px;\n  min-height: 26px;\n  font-size: 16px;\n  border-radius: 100px;\n}\n.dt-team-shortcode.team-masonry-shortcode-id-55e8235488df6faeda0ce13b404e23e7 .soc-ico a:not(:last-child) {\n  margin-right: 4px;\n}\n.dt-team-shortcode.team-masonry-shortcode-id-55e8235488df6faeda0ce13b404e23e7 .soc-ico a:before,\n.dt-team-shortcode.team-masonry-shortcode-id-55e8235488df6faeda0ce13b404e23e7 .soc-ico a:after {\n  min-width: 26px;\n  min-height: 26px;\n  padding: inherit;\n}\n.dt-icon-border-on.dt-team-shortcode.team-masonry-shortcode-id-55e8235488df6faeda0ce13b404e23e7 .soc-ico a:before {\n  border: 0px solid transparent;\n}\n.dt-team-shortcode.team-masonry-shortcode-id-55e8235488df6faeda0ce13b404e23e7 .soc-ico a:hover {\n  font-size: 16px;\n}\n#page .dt-team-shortcode.team-masonry-shortcode-id-55e8235488df6faeda0ce13b404e23e7 .soc-ico a:hover .soc-font-icon {\n  color: #ffffff;\n  background: none;\n}\n.dt-icon-border-hover-on.dt-team-shortcode.team-masonry-shortcode-id-55e8235488df6faeda0ce13b404e23e7 .soc-ico a:after {\n  border: 0px solid transparent;\n}\n#main .dt-icon-hover-bg-on.dt-team-shortcode.team-masonry-shortcode-id-55e8235488df6faeda0ce13b404e23e7 .soc-ico a:after {\n  background: #27b99e;\n  -webkit-box-shadow: none;\n  box-shadow: none;\n}\n#page .dt-team-shortcode.team-masonry-shortcode-id-55e8235488df6faeda0ce13b404e23e7 .soc-ico a:not(:hover) .soc-font-icon {\n  color: #ffffff;\n  background: none;\n}\n.dt-team-shortcode.team-masonry-shortcode-id-55e8235488df6faeda0ce13b404e23e7 .soc-ico a .soc-font-icon {\n  font-size: 16px;\n}\n.dt-team-shortcode.team-masonry-shortcode-id-55e8235488df6faeda0ce13b404e23e7 .filter-bg-decoration .filter-categories a.act {\n  color: #fff;\n}\n.dt-team-shortcode.team-masonry-shortcode-id-55e8235488df6faeda0ce13b404e23e7:not(.resize-by-browser-width) .dt-css-grid {\n  grid-row-gap: 20px;\n  grid-column-gap: 20px;\n  grid-template-columns: repeat(auto-fill,minmax(,1fr));\n}\n.cssgridlegacy.no-cssgrid .dt-team-shortcode.team-masonry-shortcode-id-55e8235488df6faeda0ce13b404e23e7:not(.resize-by-browser-width) .dt-css-grid,\n.no-cssgridlegacy.no-cssgrid .dt-team-shortcode.team-masonry-shortcode-id-55e8235488df6faeda0ce13b404e23e7:not(.resize-by-browser-width) .dt-css-grid {\n  display: flex;\n  flex-flow: row wrap;\n  margin: -10px;\n}\n.cssgridlegacy.no-cssgrid .dt-team-shortcode.team-masonry-shortcode-id-55e8235488df6faeda0ce13b404e23e7:not(.resize-by-browser-width) .dt-css-grid .wf-cell,\n.no-cssgridlegacy.no-cssgrid .dt-team-shortcode.team-masonry-shortcode-id-55e8235488df6faeda0ce13b404e23e7:not(.resize-by-browser-width) .dt-css-grid .wf-cell {\n  flex: 1 0 ;\n  max-width: 100%;\n  padding: 10px;\n  box-sizing: border-box;\n}\n.dt-team-shortcode.team-masonry-shortcode-id-55e8235488df6faeda0ce13b404e23e7.resize-by-browser-width .dt-css-grid {\n  grid-template-columns: repeat(4,1fr);\n  grid-template-rows: auto;\n  grid-column-gap: 20px;\n  grid-row-gap: 20px;\n}\n.cssgridlegacy.no-cssgrid .dt-team-shortcode.team-masonry-shortcode-id-55e8235488df6faeda0ce13b404e23e7.resize-by-browser-width .dt-css-grid,\n.no-cssgridlegacy.no-cssgrid .dt-team-shortcode.team-masonry-shortcode-id-55e8235488df6faeda0ce13b404e23e7.resize-by-browser-width .dt-css-grid {\n  margin: -10px;\n}\n.cssgridlegacy.no-cssgrid .dt-team-shortcode.team-masonry-shortcode-id-55e8235488df6faeda0ce13b404e23e7.resize-by-browser-width .dt-css-grid .wf-cell,\n.no-cssgridlegacy.no-cssgrid .dt-team-shortcode.team-masonry-shortcode-id-55e8235488df6faeda0ce13b404e23e7.resize-by-browser-width .dt-css-grid .wf-cell {\n  width: 25%;\n  padding: 10px;\n}\n@media screen and (max-width: 1199px) {\n  .dt-team-shortcode.team-masonry-shortcode-id-55e8235488df6faeda0ce13b404e23e7.resize-by-browser-width .dt-css-grid {\n    grid-template-columns: repeat(3,1fr);\n  }\n  .cssgridlegacy.no-cssgrid .dt-team-shortcode.team-masonry-shortcode-id-55e8235488df6faeda0ce13b404e23e7.resize-by-browser-width .dt-css-grid .wf-cell,\n  .no-cssgridlegacy.no-cssgrid .dt-team-shortcode.team-masonry-shortcode-id-55e8235488df6faeda0ce13b404e23e7.resize-by-browser-width .dt-css-grid .wf-cell {\n    width: 33.333333333333%;\n  }\n}\n@media screen and (max-width: 991px) {\n  .dt-team-shortcode.team-masonry-shortcode-id-55e8235488df6faeda0ce13b404e23e7.resize-by-browser-width .dt-css-grid {\n    grid-template-columns: repeat(2,1fr);\n  }\n  .cssgridlegacy.no-cssgrid .dt-team-shortcode.team-masonry-shortcode-id-55e8235488df6faeda0ce13b404e23e7.resize-by-browser-width .dt-css-grid .wf-cell,\n  .no-cssgridlegacy.no-cssgrid .dt-team-shortcode.team-masonry-shortcode-id-55e8235488df6faeda0ce13b404e23e7.resize-by-browser-width .dt-css-grid .wf-cell {\n    width: 50%;\n  }\n}\n@media screen and (max-width: 767px) {\n  .dt-team-shortcode.team-masonry-shortcode-id-55e8235488df6faeda0ce13b404e23e7.resize-by-browser-width .dt-css-grid {\n    grid-template-columns: repeat(1,1fr);\n  }\n  .cssgridlegacy.no-cssgrid .dt-team-shortcode.team-masonry-shortcode-id-55e8235488df6faeda0ce13b404e23e7.resize-by-browser-width .dt-css-grid .wf-cell,\n  .no-cssgridlegacy.no-cssgrid .dt-team-shortcode.team-masonry-shortcode-id-55e8235488df6faeda0ce13b404e23e7.resize-by-browser-width .dt-css-grid .wf-cell {\n    width: 100%;\n  }\n}\n<\/style><div class=\"dt-team-masonry-shortcode dt-team-shortcode team-masonry-shortcode-id-55e8235488df6faeda0ce13b404e23e7 loading-effect-fade-in mode-grid jquery-filter content-align-center content-bg-on dt-css-grid-wrap scale-img dt-css-grid-wrap dt-icon-bg-on dt-icon-border-off dt-icon-hover-bg-on dt-icon-border-hover-off move-icons-under-position resize-by-browser-width  \" data-padding=\"10px\" data-cur-page=\"1\" data-post-limit=\"-1\" data-pagination-mode=\"none\" data-desktop-columns-num=\"4\" data-v-tablet-columns-num=\"2\" data-h-tablet-columns-num=\"3\" data-phone-columns-num=\"1\" data-width=\"0px\" data-columns=\"0\"><div class=\"dt-css-grid\" ><div class=\"visible wf-cell\" data-post-id=\"498\" data-date=\"2020-03-06T12:05:00+03:00\" data-name=\"\u00d6zg\u00fcr G\u00dcVEN\"><div class=\"team-container visible post post-498 dt_team type-dt_team status-publish has-post-thumbnail hentry dt_team_category-floryagyd dt_team_category-278\"><div class=\"team-media\"><span><img fetchpriority=\"high\" decoding=\"async\" class=\"preload-me iso-lazy-load aspect\" src=\"data:image\/svg+xml,%3Csvg%20xmlns%3D&#39;http%3A%2F%2Fwww.w3.org%2F2000%2Fsvg&#39;%20viewBox%3D&#39;0%200%20684%20684&#39;%2F%3E\" data-src=\"https:\/\/floryagyd.com\/wp-content\/uploads\/2022\/03\/Ozgur-684x684.png\" data-srcset=\"https:\/\/floryagyd.com\/wp-content\/uploads\/2022\/03\/Ozgur-684x684.png 684w\" loading=\"eager\" style=\"--ratio: 684 \/ 684\" sizes=\"(max-width: 684px) 100vw, 684px\" width=\"684\" height=\"684\"  title=\"Ozgur\" alt=\"\" \/><\/span><\/div><div class=\"team-desc\"><div class=\"team-author\"><div class=\"team-author-name\">\u00d6zg\u00fcr G\u00dcVEN<\/div><p>Genel Koordinat\u00f6r<\/p><\/div><div class=\"team-content\"><p>Florya GYD Hizmetleri Kurucusu<\/p>\n<\/div><div class=\"soc-ico\"><a title=\"E-mail\" href=\"mailto:o.guven@florya.gyd.com\" target=\"_top\" class=\"mail\"><span class=\"soc-font-icon\"><\/span><span class=\"screen-reader-text\">E-mail<\/span><\/a><\/div><\/div><\/div><\/div><div class=\"visible wf-cell\" data-post-id=\"15630\" data-date=\"2021-12-08T13:14:24+03:00\" data-name=\"\u00d6zkan G\u00dcVEN\"><div class=\"team-container visible post post-15630 dt_team type-dt_team status-publish has-post-thumbnail hentry dt_team_category-floryagyd dt_team_category-278\"><div class=\"team-media\"><span><img decoding=\"async\" class=\"preload-me iso-lazy-load aspect\" src=\"data:image\/svg+xml,%3Csvg%20xmlns%3D&#39;http%3A%2F%2Fwww.w3.org%2F2000%2Fsvg&#39;%20viewBox%3D&#39;0%200%20684%20684&#39;%2F%3E\" data-src=\"https:\/\/floryagyd.com\/wp-content\/uploads\/2021\/12\/Ozgur-1-684x684.png\" data-srcset=\"https:\/\/floryagyd.com\/wp-content\/uploads\/2021\/12\/Ozgur-1-684x684.png 684w\" loading=\"eager\" style=\"--ratio: 684 \/ 684\" sizes=\"(max-width: 684px) 100vw, 684px\" width=\"684\" height=\"684\"  title=\"Ozgur\" alt=\"\" \/><\/span><\/div><div class=\"team-desc\"><div class=\"team-author\"><div class=\"team-author-name\">\u00d6zkan G\u00dcVEN<\/div><p>Gayrimenkul Proje Geli\u015ftirme ve Yat\u0131r\u0131m Dan\u0131\u015fman\u0131<\/p><\/div><div class=\"team-content\"><\/div><div class=\"soc-ico\"><a title=\"E-mail\" href=\"mailto:o.guven@floryagyd.com\" target=\"_top\" class=\"mail\"><span class=\"soc-font-icon\"><\/span><span class=\"screen-reader-text\">E-mail<\/span><\/a><\/div><\/div><\/div><\/div><div class=\"visible wf-cell\" data-post-id=\"497\" data-date=\"2021-12-10T12:03:53+03:00\" data-name=\"Niyazi PEKB\u0130LEK\"><div class=\"team-container visible post post-497 dt_team type-dt_team status-publish has-post-thumbnail hentry dt_team_category-floryagyd dt_team_category-278\"><div class=\"team-media\"><span><img decoding=\"async\" class=\"preload-me iso-lazy-load aspect\" src=\"data:image\/svg+xml,%3Csvg%20xmlns%3D&#39;http%3A%2F%2Fwww.w3.org%2F2000%2Fsvg&#39;%20viewBox%3D&#39;0%200%20520%20520&#39;%2F%3E\" data-src=\"https:\/\/floryagyd.com\/wp-content\/uploads\/2022\/03\/Niyazi-2-520x520.jpg\" data-srcset=\"https:\/\/floryagyd.com\/wp-content\/uploads\/2022\/03\/Niyazi-2-520x520.jpg 520w\" loading=\"eager\" style=\"--ratio: 520 \/ 520\" sizes=\"(max-width: 520px) 100vw, 520px\" width=\"520\" height=\"520\"  title=\"Niyazi\" alt=\"\" \/><\/span><\/div><div class=\"team-desc\"><div class=\"team-author\"><div class=\"team-author-name\">Niyazi PEKB\u0130LEK<\/div><p>Gayrimenkul Teknik Analiz Geli\u015ftirme ve Planlama Uzman\u0131<\/p><\/div><div class=\"team-content\"><\/div><div class=\"soc-ico\"><a title=\"E-mail\" href=\"mailto:n.pekbilek@floryagyd.com\" target=\"_top\" class=\"mail\"><span class=\"soc-font-icon\"><\/span><span class=\"screen-reader-text\">E-mail<\/span><\/a><\/div><\/div><\/div><\/div><div class=\"visible wf-cell\" data-post-id=\"15629\" data-date=\"2022-05-05T13:11:19+03:00\" data-name=\"Hakan S\u0130PAH\u0130\"><div class=\"team-container visible post post-15629 dt_team type-dt_team status-publish has-post-thumbnail hentry dt_team_category-floryagyd dt_team_category-278\"><div class=\"team-media\"><span><img decoding=\"async\" class=\"preload-me iso-lazy-load aspect\" src=\"data:image\/svg+xml,%3Csvg%20xmlns%3D&#39;http%3A%2F%2Fwww.w3.org%2F2000%2Fsvg&#39;%20viewBox%3D&#39;0%200%20677%20677&#39;%2F%3E\" data-src=\"https:\/\/floryagyd.com\/wp-content\/uploads\/2022\/12\/hakan_sipahi-677x677.jpg\" data-srcset=\"https:\/\/floryagyd.com\/wp-content\/uploads\/2022\/12\/hakan_sipahi-677x677.jpg 677w\" loading=\"eager\" style=\"--ratio: 677 \/ 677\" sizes=\"(max-width: 677px) 100vw, 677px\" width=\"677\" height=\"677\"  title=\"hakan_sipahi\" alt=\"\" \/><\/span><\/div><div class=\"team-desc\"><div class=\"team-author\"><div class=\"team-author-name\">Hakan S\u0130PAH\u0130<\/div><p>Gayrimenkul Yat\u0131r\u0131m Dan\u0131\u015fman\u0131<\/p><\/div><div class=\"team-content\"><\/div><\/div><\/div><\/div><div class=\"visible wf-cell\" data-post-id=\"15641\" data-date=\"2022-06-08T20:36:00+03:00\" data-name=\"Ramazan YILMAZ\"><div class=\"team-container visible post post-15641 dt_team type-dt_team status-publish has-post-thumbnail hentry dt_team_category-floryagyd dt_team_category-278\"><div class=\"team-media\"><span><img decoding=\"async\" class=\"preload-me iso-lazy-load aspect\" src=\"data:image\/svg+xml,%3Csvg%20xmlns%3D&#39;http%3A%2F%2Fwww.w3.org%2F2000%2Fsvg&#39;%20viewBox%3D&#39;0%200%20684%20684&#39;%2F%3E\" data-src=\"https:\/\/floryagyd.com\/wp-content\/uploads\/2021\/12\/Ramazan-1-684x684.webp\" data-srcset=\"https:\/\/floryagyd.com\/wp-content\/uploads\/2021\/12\/Ramazan-1-684x684.webp 684w\" loading=\"eager\" style=\"--ratio: 684 \/ 684\" sizes=\"(max-width: 684px) 100vw, 684px\" width=\"684\" height=\"684\"  title=\"Ramazan\" alt=\"\" \/><\/span><\/div><div class=\"team-desc\"><div class=\"team-author\"><div class=\"team-author-name\">Ramazan YILMAZ<\/div><p>Gayrimenkul Yat\u0131r\u0131m Dan\u0131\u015fman\u0131<\/p><\/div><div class=\"team-content\"><\/div><\/div><\/div><\/div><\/div><!-- iso-container|iso-grid --><\/div>[\/vc_column][\/vc_row]<\/p>\n<\/div>","protected":false},"excerpt":{"rendered":"<p>[vc_row bg_type=&#8221;image&#8221; parallax_style=&#8221;vcpb-default&#8221; bg_image_new=&#8221;id^15169|url^https:\/\/floryagyd.com\/wp-content\/uploads\/revslider\/the7-business-slider\/bm004.jpg|caption^null|alt^null|title^bm004.jpg|description^null&#8221; bg_image_repeat=&#8221;no-repeat&#8221; bg_override=&#8221;ex-full&#8221; enable_overlay=&#8221;enable_overlay_value&#8221; overlay_color=&#8221;rgba(0,0,0,0.5)&#8221; overlay_pattern=&#8221;transperant&#8221; overlay_pattern_opacity=&#8221;25&#8243; type=&#8221;vc_default&#8221; margin_top=&#8221;-50&#8243; css=&#8221;.vc_custom_1669813422098{padding-top: 10% !important;padding-bottom: 10% !important;background-color: #000000 !important;}&#8221;][vc_column offset=&#8221;vc_col-lg-12 vc_col-md-12&#8243; css=&#8221;.vc_custom_1476030031960{padding-bottom: 10px !important;}&#8221;][\/vc_column][\/vc_row][vc_row equal_height=&#8221;yes&#8221; type=&#8221;vc_default&#8221; margin_bottom=&#8221;10&#8243; css=&#8221;.vc_custom_1670782508162{padding-top: 20px !important;padding-bottom: 20px !important;}&#8221;][vc_column css=&#8221;.vc_custom_1490185853027{padding-bottom: 50px !important;}&#8221; offset=&#8221;vc_col-lg-4 vc_col-md-12&#8243;][vc_column_text]Florya Dan\u0131\u015fmanl\u0131k, 1992 y\u0131l\u0131ndan bug\u00fcne ba\u015fta Mu\u011fla ve G\u00fcney Ege b\u00f6lgesi olmak \u00fczere \u0130stanbul, Ankara, \u0130zmir, Bursa, Antalya, Tekirda\u011f&hellip;<\/p>\n","protected":false},"author":1,"featured_media":0,"parent":0,"menu_order":20,"comment_status":"closed","ping_status":"closed","template":"","meta":{"_themeisle_gutenberg_block_has_review":false,"footnotes":""},"class_list":["post-835","page","type-page","status-publish","hentry","description-off"],"_links":{"self":[{"href":"https:\/\/floryagyd.com\/index.php\/wp-json\/wp\/v2\/pages\/835","targetHints":{"allow":["GET"]}}],"collection":[{"href":"https:\/\/floryagyd.com\/index.php\/wp-json\/wp\/v2\/pages"}],"about":[{"href":"https:\/\/floryagyd.com\/index.php\/wp-json\/wp\/v2\/types\/page"}],"author":[{"embeddable":true,"href":"https:\/\/floryagyd.com\/index.php\/wp-json\/wp\/v2\/users\/1"}],"replies":[{"embeddable":true,"href":"https:\/\/floryagyd.com\/index.php\/wp-json\/wp\/v2\/comments?post=835"}],"version-history":[{"count":24,"href":"https:\/\/floryagyd.com\/index.php\/wp-json\/wp\/v2\/pages\/835\/revisions"}],"predecessor-version":[{"id":15755,"href":"https:\/\/floryagyd.com\/index.php\/wp-json\/wp\/v2\/pages\/835\/revisions\/15755"}],"wp:attachment":[{"href":"https:\/\/floryagyd.com\/index.php\/wp-json\/wp\/v2\/media?parent=835"}],"curies":[{"name":"wp","href":"https:\/\/api.w.org\/{rel}","templated":true}]}}