{"id":15459,"date":"2022-12-04T11:20:14","date_gmt":"2022-12-04T08:20:14","guid":{"rendered":"https:\/\/floryagyd.com\/?page_id=15459"},"modified":"2022-12-18T13:57:20","modified_gmt":"2022-12-18T10:57:20","slug":"about-us","status":"publish","type":"page","link":"https:\/\/floryagyd.com\/index.php\/en\/about-us\/","title":{"rendered":"About us"},"content":{"rendered":"<div class=\"wpb-content-wrapper\"><p>[vc_row bg_type=&#8221;image&#8221; parallax_style=&#8221;vcpb-default&#8221; bg_image_new=&#8221;id^15169|url^https:\/\/floryagyd.com\/wp-content\/uploads\/revslider\/the7-business-slider\/bm004.jpg|caption^null|alt^null|title^bm004.jpg|description^null&#8221; bg_image_repeat=&#8221;no-repeat&#8221; bg_override=&#8221;ex-full&#8221; enable_overlay=&#8221;enable_overlay_value&#8221; overlay_color=&#8221;rgba(0,0,0,0.5)&#8221; overlay_pattern=&#8221;transperant&#8221; overlay_pattern_opacity=&#8221;25&#8243; type=&#8221;vc_default&#8221; margin_top=&#8221;-50&#8243; css=&#8221;.vc_custom_1669813422098{padding-top: 10% !important;padding-bottom: 10% !important;background-color: #000000 !important;}&#8221;][vc_column offset=&#8221;vc_col-lg-12 vc_col-md-12&#8243; css=&#8221;.vc_custom_1476030031960{padding-bottom: 10px !important;}&#8221;]<div id=\"ultimate-heading-2566a0458396ec9d\" class=\"uvc-heading ult-adjust-bottom-margin ultimate-heading-2566a0458396ec9d uvc-4961 accent-title-color\" data-hspacer=\"no_spacer\"  data-halign=\"center\" style=\"text-align:center\"><div class=\"uvc-heading-spacer no_spacer\" style=\"top\"><\/div><div class=\"uvc-main-heading ult-responsive\"  data-ultimate-target='.uvc-heading.ultimate-heading-2566a0458396ec9d h2'  data-responsive-json-new='{\"font-size\":\"desktop:34px;mobile_landscape:22px;mobile:22px;\",\"line-height\":\"desktop:46px;mobile_landscape:32px;mobile:32px;\"}' ><h2 style=\"font-family:&#039;Fira Sans&#039;;font-weight:normal;font-style:normal;color:#ffffff;\">About us<\/h2><\/div><div class=\"uvc-sub-heading ult-responsive\"  data-ultimate-target='.uvc-heading.ultimate-heading-2566a0458396ec9d .uvc-sub-heading '  data-responsive-json-new='{\"font-size\":\"desktop:58px;mobile_landscape:38px;mobile:30px;\",\"line-height\":\"desktop:68px;mobile_landscape:48px;mobile:40px;\"}'  style=\"font-family:&#039;Fira Sans Condensed&#039;;font-weight:700;color:#ffffff;margin-top:10px;margin-bottom:20px;\">About us<\/div><\/div><style type=\"text\/css\" data-type=\"the7_shortcodes-inline-css\">.dt-breadcrumbs-id-00e7ad14fe45716ac790718ece057902 .breadcrumbs {\n  display: inline-block;\n  margin: 0;\n  padding: 2px 12px 2px 12px;\n  border: 1px solid rgba(255,255,255,0.25);\n  border-radius: 0px;\n}\n.dt-breadcrumbs-id-00e7ad14fe45716ac790718ece057902 .breadcrumbs * {\n  font-size: 13px;\n  line-height: 16px;\n  color: #ffffff;\n}\n<\/style><div class=\"dt-breadcrumbs-shortcode dt-breadcrumbs-id-00e7ad14fe45716ac790718ece057902 align-centre\"><div class=\"assistive-text\">You are here:<\/div><ol class=\"breadcrumbs text-small\" itemscope itemtype=\"https:\/\/schema.org\/BreadcrumbList\"><li itemprop=\"itemListElement\" itemscope itemtype=\"https:\/\/schema.org\/ListItem\"><a itemprop=\"item\" href=\"https:\/\/floryagyd.com\/\" title=\"Home\"><span itemprop=\"name\">Home<\/span><\/a><meta itemprop=\"position\" content=\"1\" \/><\/li><li class=\"current\" itemprop=\"itemListElement\" itemscope itemtype=\"https:\/\/schema.org\/ListItem\"><span itemprop=\"name\">Sayfa<\/span><meta itemprop=\"position\" content=\"2\" \/><\/li><\/ol><\/div>[\/vc_column][\/vc_row][vc_row equal_height=&#8221;yes&#8221; type=&#8221;vc_default&#8221; margin_bottom=&#8221;10&#8243; css=&#8221;.vc_custom_1670782508162{padding-top: 20px !important;padding-bottom: 20px !important;}&#8221;][vc_column css=&#8221;.vc_custom_1490185853027{padding-bottom: 50px !important;}&#8221; offset=&#8221;vc_col-lg-4 vc_col-md-12&#8243;]<div id=\"ultimate-heading-13806a0458396f0bd\" class=\"uvc-heading ult-adjust-bottom-margin ultimate-heading-13806a0458396f0bd uvc-6594 \" data-hspacer=\"no_spacer\"  data-halign=\"left\" style=\"text-align:left\"><div class=\"uvc-heading-spacer no_spacer\" style=\"top\"><\/div><div class=\"uvc-main-heading ult-responsive\"  data-ultimate-target='.uvc-heading.ultimate-heading-13806a0458396f0bd h2'  data-responsive-json-new='{\"font-size\":\"desktop:20px;\",\"line-height\":\"desktop:30px;\"}' ><h2 style=\"font-weight:bold;margin-bottom:20px;\">Hakk\u0131m\u0131zda<\/h2><\/div><\/div>[vc_column_text]Florya Consulting has been performing Real Estate Investment Consulting, Research, Project Development and Marketing activities in various cities and prominent regions such as Mu\u011fla and South Aegean Region, Istanbul, Ankara, \u0130zmir, Bursa, Antalya, and Tekirda\u011f since 1992.<br \/>\nOver time, in Aegean Region, due to the diversity of the protected areas, the width of forest and agricultural lands, and the limited zoned areas, we have made many studies within the scope of the legislation in order to produce zoned areas together with valuable city planning offices and many map engineering offices.<br \/>\nWe have become an office where real estate experts in the region can consult with confidence, by guiding many citizens who come to our region, especially from big cities, to the best of our knowledge, on issues related to real estate purchase and sale, zoning and cadastre legislation.<br \/>\nAt the same time, as of 2021, we present various projects we have developed with the construction and contracting companies we work with to domestic and foreign investors within our portfolio.[\/vc_column_text][\/vc_column][vc_column width=&#8221;1\/2&#8243; css=&#8221;.vc_custom_1490185864029{padding-bottom: 40px !important;}&#8221; offset=&#8221;vc_col-lg-4 vc_col-xs-12&#8243;]<div id=\"ultimate-heading-81656a0458396f1ae\" class=\"uvc-heading ult-adjust-bottom-margin ultimate-heading-81656a0458396f1ae uvc-6250 \" data-hspacer=\"no_spacer\"  data-halign=\"left\" style=\"text-align:left\"><div class=\"uvc-heading-spacer no_spacer\" style=\"top\"><\/div><div class=\"uvc-main-heading ult-responsive\"  data-ultimate-target='.uvc-heading.ultimate-heading-81656a0458396f1ae h2'  data-responsive-json-new='{\"font-size\":\"desktop:20px;\",\"line-height\":\"desktop:30px;\"}' ><h2 style=\"font-weight:bold;margin-bottom:20px;\">Why us ?<\/h2><\/div><\/div>[vc_column_text css=&#8221;.vc_custom_1671360396408{padding-bottom: 15px !important;}&#8221;]We have been providing Real Estate Consultancy for more than 20 years with our high-quality solution partnerships and wide customer portfolio in Turkey and abroad.[\/vc_column_text]<div class=\"standard-arrow bullet-top\"><ul>\n<li>Over 20 years of market EXPERIENCE<\/li>\n<li>Over 20 years of market RELIABILITY<\/li>\n<li>QUALITY Solution Partnerships<\/li>\n<li>Broad CUSTOMER PORTFOLIO<\/li>\n<li>Domestic and International REPUTATION<\/li>\n<li>EXPERT STAFF<\/li>\n<\/ul>\n<\/div>[\/vc_column][vc_column width=&#8221;1\/2&#8243; css=&#8221;.vc_custom_1490185880333{padding-bottom: 40px !important;}&#8221; offset=&#8221;vc_col-lg-4 vc_col-md-6 vc_col-xs-12&#8243;]<div id=\"ultimate-heading-55686a0458396f3d5\" class=\"uvc-heading ult-adjust-bottom-margin ultimate-heading-55686a0458396f3d5 uvc-9482 \" data-hspacer=\"no_spacer\"  data-halign=\"left\" style=\"text-align:left\"><div class=\"uvc-heading-spacer no_spacer\" style=\"top\"><\/div><div class=\"uvc-main-heading ult-responsive\"  data-ultimate-target='.uvc-heading.ultimate-heading-55686a0458396f3d5 h2'  data-responsive-json-new='{\"font-size\":\"desktop:20px;\",\"line-height\":\"desktop:30px;\"}' ><h2 style=\"font-weight:bold;margin-bottom:20px;\">Our Experiences<\/h2><\/div><\/div>[vc_progress_bar values=&#8221;%5B%7B%22label%22%3A%22Real%20Estate%20Consulting%20-%2020%20years%20%22%2C%22value%22%3A%2280%22%7D%2C%7B%22label%22%3A%22Land%20and%20Project%20Valuation%20-%2016%20years%22%2C%22value%22%3A%2275%22%7D%2C%7B%22label%22%3A%22Project%20Development%20-%2012%20years%22%2C%22value%22%3A%2260%22%7D%2C%7B%22label%22%3A%22Project%20Supervising%20-%2023%20years%22%2C%22value%22%3A%2285%22%7D%2C%7B%22label%22%3A%22Financial%20Solutions%20-%2010%20years%22%2C%22value%22%3A%2255%22%7D%5D&#8221; options=&#8221;striped,animated&#8221; caption_pos=&#8221;thin_top&#8221; bgstyle=&#8221;transparent&#8221;][\/vc_column][\/vc_row][vc_row][vc_column css=&#8221;.vc_custom_1490190539907{padding-top: 70px !important;padding-bottom: 70px !important;}&#8221;]<div id=\"ultimate-heading-5276a0458396f4c4\" class=\"uvc-heading ult-adjust-bottom-margin ultimate-heading-5276a0458396f4c4 uvc-5169 \" data-hspacer=\"no_spacer\"  data-halign=\"left\" style=\"text-align:left\"><div class=\"uvc-heading-spacer no_spacer\" style=\"top\"><\/div><div class=\"uvc-main-heading ult-responsive\"  data-ultimate-target='.uvc-heading.ultimate-heading-5276a0458396f4c4 h2'  data-responsive-json-new='{\"font-size\":\"desktop:20px;\",\"line-height\":\"desktop:30px;\"}' ><h2 style=\"font-weight:bold;margin-bottom:20px;\">Our team<\/h2><\/div><\/div><style type=\"text\/css\" data-type=\"the7_shortcodes-inline-css\">.dt-team-shortcode.team-masonry-shortcode-id-52f27c208cf0158218197f0be06ae55e .team-desc {\n  padding: 30px 30px 30px 30px;\n}\n.dt-team-shortcode.team-masonry-shortcode-id-52f27c208cf0158218197f0be06ae55e .team-author-name,\n.dt-team-shortcode.team-masonry-shortcode-id-52f27c208cf0158218197f0be06ae55e .team-author-name a {\n  margin-bottom: 0px;\n  font-weight: bold;\n}\n.dt-team-shortcode.team-masonry-shortcode-id-52f27c208cf0158218197f0be06ae55e .team-author p {\n  margin-bottom: 5px;\n  font-weight: bold;\n}\n.dt-team-shortcode.team-masonry-shortcode-id-52f27c208cf0158218197f0be06ae55e  .team-media {\n  padding: 30px 30px 0px 30px;\n}\n.dt-team-shortcode.team-masonry-shortcode-id-52f27c208cf0158218197f0be06ae55e  .team-media a,\n.dt-team-shortcode.team-masonry-shortcode-id-52f27c208cf0158218197f0be06ae55e  .team-media > span,\n.dt-team-shortcode.team-masonry-shortcode-id-52f27c208cf0158218197f0be06ae55e  .team-media img {\n  max-width: 200px;\n}\n.dt-team-shortcode.team-masonry-shortcode-id-52f27c208cf0158218197f0be06ae55e .dt-css-grid .team-media img {\n  width: 200px;\n  max-width: 100%;\n}\n.dt-team-shortcode.team-masonry-shortcode-id-52f27c208cf0158218197f0be06ae55e .team-content {\n  margin-bottom: 5px;\n  font-size: 14px;\n  line-height: 26px;\n}\n.dt-team-shortcode.team-masonry-shortcode-id-52f27c208cf0158218197f0be06ae55e  .team-media,\n.dt-team-shortcode.team-masonry-shortcode-id-52f27c208cf0158218197f0be06ae55e  .team-media a.rollover,\n.dt-team-shortcode.team-masonry-shortcode-id-52f27c208cf0158218197f0be06ae55e  .team-media a.rollover *,\n.dt-team-shortcode.team-masonry-shortcode-id-52f27c208cf0158218197f0be06ae55e  .team-media img {\n  border-radius: 250px;\n}\n.dt-team-shortcode.team-masonry-shortcode-id-52f27c208cf0158218197f0be06ae55e .soc-ico {\n  margin-bottom: 15px;\n}\n.dt-team-shortcode.team-masonry-shortcode-id-52f27c208cf0158218197f0be06ae55e .soc-ico a {\n  min-width: 26px;\n  min-height: 26px;\n  font-size: 16px;\n  border-radius: 100px;\n}\n.dt-team-shortcode.team-masonry-shortcode-id-52f27c208cf0158218197f0be06ae55e .soc-ico a:not(:last-child) {\n  margin-right: 4px;\n}\n.dt-team-shortcode.team-masonry-shortcode-id-52f27c208cf0158218197f0be06ae55e .soc-ico a:before,\n.dt-team-shortcode.team-masonry-shortcode-id-52f27c208cf0158218197f0be06ae55e .soc-ico a:after {\n  min-width: 26px;\n  min-height: 26px;\n  padding: inherit;\n}\n.dt-icon-border-on.dt-team-shortcode.team-masonry-shortcode-id-52f27c208cf0158218197f0be06ae55e .soc-ico a:before {\n  border: 0px solid transparent;\n}\n.dt-team-shortcode.team-masonry-shortcode-id-52f27c208cf0158218197f0be06ae55e .soc-ico a:hover {\n  font-size: 16px;\n}\n#page .dt-team-shortcode.team-masonry-shortcode-id-52f27c208cf0158218197f0be06ae55e .soc-ico a:hover .soc-font-icon {\n  color: #ffffff;\n  background: none;\n}\n.dt-icon-border-hover-on.dt-team-shortcode.team-masonry-shortcode-id-52f27c208cf0158218197f0be06ae55e .soc-ico a:after {\n  border: 0px solid transparent;\n}\n#main .dt-icon-hover-bg-on.dt-team-shortcode.team-masonry-shortcode-id-52f27c208cf0158218197f0be06ae55e .soc-ico a:after {\n  background: #27b99e;\n  -webkit-box-shadow: none;\n  box-shadow: none;\n}\n#page .dt-team-shortcode.team-masonry-shortcode-id-52f27c208cf0158218197f0be06ae55e .soc-ico a:not(:hover) .soc-font-icon {\n  color: #ffffff;\n  background: none;\n}\n.dt-team-shortcode.team-masonry-shortcode-id-52f27c208cf0158218197f0be06ae55e .soc-ico a .soc-font-icon {\n  font-size: 16px;\n}\n.dt-team-shortcode.team-masonry-shortcode-id-52f27c208cf0158218197f0be06ae55e .filter-bg-decoration .filter-categories a.act {\n  color: #fff;\n}\n.dt-team-shortcode.team-masonry-shortcode-id-52f27c208cf0158218197f0be06ae55e:not(.resize-by-browser-width) .dt-css-grid {\n  grid-row-gap: 20px;\n  grid-column-gap: 20px;\n  grid-template-columns: repeat(auto-fill,minmax(,1fr));\n}\n.cssgridlegacy.no-cssgrid .dt-team-shortcode.team-masonry-shortcode-id-52f27c208cf0158218197f0be06ae55e:not(.resize-by-browser-width) .dt-css-grid,\n.no-cssgridlegacy.no-cssgrid .dt-team-shortcode.team-masonry-shortcode-id-52f27c208cf0158218197f0be06ae55e:not(.resize-by-browser-width) .dt-css-grid {\n  display: flex;\n  flex-flow: row wrap;\n  margin: -10px;\n}\n.cssgridlegacy.no-cssgrid .dt-team-shortcode.team-masonry-shortcode-id-52f27c208cf0158218197f0be06ae55e:not(.resize-by-browser-width) .dt-css-grid .wf-cell,\n.no-cssgridlegacy.no-cssgrid .dt-team-shortcode.team-masonry-shortcode-id-52f27c208cf0158218197f0be06ae55e:not(.resize-by-browser-width) .dt-css-grid .wf-cell {\n  flex: 1 0 ;\n  max-width: 100%;\n  padding: 10px;\n  box-sizing: border-box;\n}\n.dt-team-shortcode.team-masonry-shortcode-id-52f27c208cf0158218197f0be06ae55e.resize-by-browser-width .dt-css-grid {\n  grid-template-columns: repeat(4,1fr);\n  grid-template-rows: auto;\n  grid-column-gap: 20px;\n  grid-row-gap: 20px;\n}\n.cssgridlegacy.no-cssgrid .dt-team-shortcode.team-masonry-shortcode-id-52f27c208cf0158218197f0be06ae55e.resize-by-browser-width .dt-css-grid,\n.no-cssgridlegacy.no-cssgrid .dt-team-shortcode.team-masonry-shortcode-id-52f27c208cf0158218197f0be06ae55e.resize-by-browser-width .dt-css-grid {\n  margin: -10px;\n}\n.cssgridlegacy.no-cssgrid .dt-team-shortcode.team-masonry-shortcode-id-52f27c208cf0158218197f0be06ae55e.resize-by-browser-width .dt-css-grid .wf-cell,\n.no-cssgridlegacy.no-cssgrid .dt-team-shortcode.team-masonry-shortcode-id-52f27c208cf0158218197f0be06ae55e.resize-by-browser-width .dt-css-grid .wf-cell {\n  width: 25%;\n  padding: 10px;\n}\n@media screen and (max-width: 1199px) {\n  .dt-team-shortcode.team-masonry-shortcode-id-52f27c208cf0158218197f0be06ae55e.resize-by-browser-width .dt-css-grid {\n    grid-template-columns: repeat(3,1fr);\n  }\n  .cssgridlegacy.no-cssgrid .dt-team-shortcode.team-masonry-shortcode-id-52f27c208cf0158218197f0be06ae55e.resize-by-browser-width .dt-css-grid .wf-cell,\n  .no-cssgridlegacy.no-cssgrid .dt-team-shortcode.team-masonry-shortcode-id-52f27c208cf0158218197f0be06ae55e.resize-by-browser-width .dt-css-grid .wf-cell {\n    width: 33.333333333333%;\n  }\n}\n@media screen and (max-width: 991px) {\n  .dt-team-shortcode.team-masonry-shortcode-id-52f27c208cf0158218197f0be06ae55e.resize-by-browser-width .dt-css-grid {\n    grid-template-columns: repeat(2,1fr);\n  }\n  .cssgridlegacy.no-cssgrid .dt-team-shortcode.team-masonry-shortcode-id-52f27c208cf0158218197f0be06ae55e.resize-by-browser-width .dt-css-grid .wf-cell,\n  .no-cssgridlegacy.no-cssgrid .dt-team-shortcode.team-masonry-shortcode-id-52f27c208cf0158218197f0be06ae55e.resize-by-browser-width .dt-css-grid .wf-cell {\n    width: 50%;\n  }\n}\n@media screen and (max-width: 767px) {\n  .dt-team-shortcode.team-masonry-shortcode-id-52f27c208cf0158218197f0be06ae55e.resize-by-browser-width .dt-css-grid {\n    grid-template-columns: repeat(1,1fr);\n  }\n  .cssgridlegacy.no-cssgrid .dt-team-shortcode.team-masonry-shortcode-id-52f27c208cf0158218197f0be06ae55e.resize-by-browser-width .dt-css-grid .wf-cell,\n  .no-cssgridlegacy.no-cssgrid .dt-team-shortcode.team-masonry-shortcode-id-52f27c208cf0158218197f0be06ae55e.resize-by-browser-width .dt-css-grid .wf-cell {\n    width: 100%;\n  }\n}\n<\/style><div class=\"dt-team-masonry-shortcode dt-team-shortcode team-masonry-shortcode-id-52f27c208cf0158218197f0be06ae55e loading-effect-fade-in mode-grid jquery-filter content-align-center content-bg-on dt-css-grid-wrap scale-img dt-css-grid-wrap dt-icon-bg-on dt-icon-border-off dt-icon-hover-bg-on dt-icon-border-hover-off move-icons-under-position resize-by-browser-width  \" data-padding=\"10px\" data-cur-page=\"1\" data-post-limit=\"-1\" data-pagination-mode=\"none\" data-desktop-columns-num=\"4\" data-v-tablet-columns-num=\"2\" data-h-tablet-columns-num=\"3\" data-phone-columns-num=\"1\" data-width=\"0px\" data-columns=\"0\"><div class=\"dt-css-grid\" ><div class=\"visible wf-cell\" data-post-id=\"15775\" data-date=\"2020-03-06T14:04:47+03:00\" data-name=\"\u00d6zg\u00fcr G\u00dcVEN\"><div class=\"team-container visible post post-15775 dt_team type-dt_team status-publish has-post-thumbnail hentry dt_team_category-floryagyd-en dt_team_category-281\"><div class=\"team-media\"><span><img fetchpriority=\"high\" decoding=\"async\" class=\"preload-me iso-lazy-load aspect\" src=\"data:image\/svg+xml,%3Csvg%20xmlns%3D&#39;http%3A%2F%2Fwww.w3.org%2F2000%2Fsvg&#39;%20viewBox%3D&#39;0%200%20684%20684&#39;%2F%3E\" data-src=\"https:\/\/floryagyd.com\/wp-content\/uploads\/2022\/03\/Ozgur-684x684.png\" data-srcset=\"https:\/\/floryagyd.com\/wp-content\/uploads\/2022\/03\/Ozgur-684x684.png 684w\" loading=\"eager\" style=\"--ratio: 684 \/ 684\" sizes=\"(max-width: 684px) 100vw, 684px\" width=\"684\" height=\"684\"  title=\"Ozgur\" alt=\"\" \/><\/span><\/div><div class=\"team-desc\"><div class=\"team-author\"><div class=\"team-author-name\">\u00d6zg\u00fcr G\u00dcVEN<\/div><p>Florya RIC Services Founder<\/p><\/div><div class=\"team-content\"><\/div><div class=\"soc-ico\"><a title=\"E-mail\" href=\"mailto:o.guven@florya.gyd.com\" target=\"_top\" class=\"mail\"><span class=\"soc-font-icon\"><\/span><span class=\"screen-reader-text\">E-mail<\/span><\/a><\/div><\/div><\/div><\/div><div class=\"visible wf-cell\" data-post-id=\"15774\" data-date=\"2021-12-08T14:02:56+03:00\" data-name=\"\u00d6zkan G\u00dcVEN\"><div class=\"team-container visible post post-15774 dt_team type-dt_team status-publish has-post-thumbnail hentry dt_team_category-floryagyd-en dt_team_category-281\"><div class=\"team-media\"><span><img decoding=\"async\" class=\"preload-me iso-lazy-load aspect\" src=\"data:image\/svg+xml,%3Csvg%20xmlns%3D&#39;http%3A%2F%2Fwww.w3.org%2F2000%2Fsvg&#39;%20viewBox%3D&#39;0%200%20684%20684&#39;%2F%3E\" data-src=\"https:\/\/floryagyd.com\/wp-content\/uploads\/2021\/12\/Ozgur-1-684x684.png\" data-srcset=\"https:\/\/floryagyd.com\/wp-content\/uploads\/2021\/12\/Ozgur-1-684x684.png 684w\" loading=\"eager\" style=\"--ratio: 684 \/ 684\" sizes=\"(max-width: 684px) 100vw, 684px\" width=\"684\" height=\"684\"  title=\"Ozgur\" alt=\"\" \/><\/span><\/div><div class=\"team-desc\"><div class=\"team-author\"><div class=\"team-author-name\">\u00d6zkan G\u00dcVEN<\/div><p>Real Estate Project Development and Investment Consultant<\/p><\/div><div class=\"team-content\"><\/div><div class=\"soc-ico\"><a title=\"E-mail\" href=\"mailto:o.guven@floryagyd.com\" target=\"_top\" class=\"mail\"><span class=\"soc-font-icon\"><\/span><span class=\"screen-reader-text\">E-mail<\/span><\/a><\/div><\/div><\/div><\/div><div class=\"visible wf-cell\" data-post-id=\"15773\" data-date=\"2021-12-10T14:00:57+03:00\" data-name=\"Niyazi PEKB\u0130LEK\"><div class=\"team-container visible post post-15773 dt_team type-dt_team status-publish has-post-thumbnail hentry dt_team_category-floryagyd-en dt_team_category-281\"><div class=\"team-media\"><span><img decoding=\"async\" class=\"preload-me iso-lazy-load aspect\" src=\"data:image\/svg+xml,%3Csvg%20xmlns%3D&#39;http%3A%2F%2Fwww.w3.org%2F2000%2Fsvg&#39;%20viewBox%3D&#39;0%200%20520%20520&#39;%2F%3E\" data-src=\"https:\/\/floryagyd.com\/wp-content\/uploads\/2022\/03\/Niyazi-2-520x520.jpg\" data-srcset=\"https:\/\/floryagyd.com\/wp-content\/uploads\/2022\/03\/Niyazi-2-520x520.jpg 520w\" loading=\"eager\" style=\"--ratio: 520 \/ 520\" sizes=\"(max-width: 520px) 100vw, 520px\" width=\"520\" height=\"520\"  title=\"Niyazi\" alt=\"\" \/><\/span><\/div><div class=\"team-desc\"><div class=\"team-author\"><div class=\"team-author-name\">Niyazi PEKB\u0130LEK<\/div><p>Real Estate Technical Analysis Development and Planning Specialist<\/p><\/div><div class=\"team-content\"><\/div><div class=\"soc-ico\"><a title=\"E-mail\" href=\"mailto:n.pekbilek@floryagyd.com\" target=\"_top\" class=\"mail\"><span class=\"soc-font-icon\"><\/span><span class=\"screen-reader-text\">E-mail<\/span><\/a><\/div><\/div><\/div><\/div><div class=\"visible wf-cell\" data-post-id=\"15772\" data-date=\"2022-05-05T13:58:51+03:00\" data-name=\"Hakan S\u0130PAH\u0130\"><div class=\"team-container visible post post-15772 dt_team type-dt_team status-publish has-post-thumbnail hentry dt_team_category-floryagyd-en dt_team_category-281\"><div class=\"team-media\"><span><img decoding=\"async\" class=\"preload-me iso-lazy-load aspect\" src=\"data:image\/svg+xml,%3Csvg%20xmlns%3D&#39;http%3A%2F%2Fwww.w3.org%2F2000%2Fsvg&#39;%20viewBox%3D&#39;0%200%20677%20677&#39;%2F%3E\" data-src=\"https:\/\/floryagyd.com\/wp-content\/uploads\/2022\/12\/hakan_sipahi-677x677.jpg\" data-srcset=\"https:\/\/floryagyd.com\/wp-content\/uploads\/2022\/12\/hakan_sipahi-677x677.jpg 677w\" loading=\"eager\" style=\"--ratio: 677 \/ 677\" sizes=\"(max-width: 677px) 100vw, 677px\" width=\"677\" height=\"677\"  title=\"hakan_sipahi\" alt=\"\" \/><\/span><\/div><div class=\"team-desc\"><div class=\"team-author\"><div class=\"team-author-name\">Hakan S\u0130PAH\u0130<\/div><p>Real Estate Investment Consultant<\/p><\/div><div class=\"team-content\"><\/div><\/div><\/div><\/div><div class=\"visible wf-cell\" data-post-id=\"15770\" data-date=\"2022-06-18T13:53:20+03:00\" data-name=\"Ramazan YILMAZ\"><div class=\"team-container visible post post-15770 dt_team type-dt_team status-publish has-post-thumbnail hentry dt_team_category-floryagyd-en dt_team_category-281\"><div class=\"team-media\"><span><img decoding=\"async\" class=\"preload-me iso-lazy-load aspect\" src=\"data:image\/svg+xml,%3Csvg%20xmlns%3D&#39;http%3A%2F%2Fwww.w3.org%2F2000%2Fsvg&#39;%20viewBox%3D&#39;0%200%20684%20684&#39;%2F%3E\" data-src=\"https:\/\/floryagyd.com\/wp-content\/uploads\/2021\/12\/Ramazan-1-684x684.webp\" data-srcset=\"https:\/\/floryagyd.com\/wp-content\/uploads\/2021\/12\/Ramazan-1-684x684.webp 684w\" loading=\"eager\" style=\"--ratio: 684 \/ 684\" sizes=\"(max-width: 684px) 100vw, 684px\" width=\"684\" height=\"684\"  title=\"Ramazan\" alt=\"\" \/><\/span><\/div><div class=\"team-desc\"><div class=\"team-author\"><div class=\"team-author-name\">Ramazan YILMAZ<\/div><p>Real Estate Investment Consultant<\/p><\/div><div class=\"team-content\"><\/div><\/div><\/div><\/div><\/div><!-- iso-container|iso-grid --><\/div>[\/vc_column][\/vc_row]<\/p>\n<\/div>","protected":false},"excerpt":{"rendered":"<p>[vc_row bg_type=&#8221;image&#8221; parallax_style=&#8221;vcpb-default&#8221; bg_image_new=&#8221;id^15169|url^https:\/\/floryagyd.com\/wp-content\/uploads\/revslider\/the7-business-slider\/bm004.jpg|caption^null|alt^null|title^bm004.jpg|description^null&#8221; bg_image_repeat=&#8221;no-repeat&#8221; bg_override=&#8221;ex-full&#8221; enable_overlay=&#8221;enable_overlay_value&#8221; overlay_color=&#8221;rgba(0,0,0,0.5)&#8221; overlay_pattern=&#8221;transperant&#8221; overlay_pattern_opacity=&#8221;25&#8243; type=&#8221;vc_default&#8221; margin_top=&#8221;-50&#8243; css=&#8221;.vc_custom_1669813422098{padding-top: 10% !important;padding-bottom: 10% !important;background-color: #000000 !important;}&#8221;][vc_column offset=&#8221;vc_col-lg-12 vc_col-md-12&#8243; css=&#8221;.vc_custom_1476030031960{padding-bottom: 10px !important;}&#8221;][\/vc_column][\/vc_row][vc_row equal_height=&#8221;yes&#8221; type=&#8221;vc_default&#8221; margin_bottom=&#8221;10&#8243; css=&#8221;.vc_custom_1670782508162{padding-top: 20px !important;padding-bottom: 20px !important;}&#8221;][vc_column css=&#8221;.vc_custom_1490185853027{padding-bottom: 50px !important;}&#8221; offset=&#8221;vc_col-lg-4 vc_col-md-12&#8243;][vc_column_text]Florya Consulting has been performing Real Estate Investment Consulting, Research, Project Development and Marketing activities in various cities and&hellip;<\/p>\n","protected":false},"author":1,"featured_media":0,"parent":0,"menu_order":20,"comment_status":"closed","ping_status":"closed","template":"","meta":{"_themeisle_gutenberg_block_has_review":false,"footnotes":""},"class_list":["post-15459","page","type-page","status-publish","hentry","description-off"],"_links":{"self":[{"href":"https:\/\/floryagyd.com\/index.php\/wp-json\/wp\/v2\/pages\/15459","targetHints":{"allow":["GET"]}}],"collection":[{"href":"https:\/\/floryagyd.com\/index.php\/wp-json\/wp\/v2\/pages"}],"about":[{"href":"https:\/\/floryagyd.com\/index.php\/wp-json\/wp\/v2\/types\/page"}],"author":[{"embeddable":true,"href":"https:\/\/floryagyd.com\/index.php\/wp-json\/wp\/v2\/users\/1"}],"replies":[{"embeddable":true,"href":"https:\/\/floryagyd.com\/index.php\/wp-json\/wp\/v2\/comments?post=15459"}],"version-history":[{"count":10,"href":"https:\/\/floryagyd.com\/index.php\/wp-json\/wp\/v2\/pages\/15459\/revisions"}],"predecessor-version":[{"id":15771,"href":"https:\/\/floryagyd.com\/index.php\/wp-json\/wp\/v2\/pages\/15459\/revisions\/15771"}],"wp:attachment":[{"href":"https:\/\/floryagyd.com\/index.php\/wp-json\/wp\/v2\/media?parent=15459"}],"curies":[{"name":"wp","href":"https:\/\/api.w.org\/{rel}","templated":true}]}}